{"id":41,"date":"2025-11-18T09:22:34","date_gmt":"2025-11-18T09:22:34","guid":{"rendered":"https:\/\/baselinkweb.nl\/pol\/?page_id=41"},"modified":"2025-12-22T10:47:58","modified_gmt":"2025-12-22T09:47:58","slug":"problemy-w-zwiazkach","status":"publish","type":"page","link":"https:\/\/praktijkpol.nl\/pl\/behandelingen\/relatieproblemen\/","title":{"rendered":"Terapia par"},"content":{"rendered":"<div data-elementor-type=\"wp-page\" data-elementor-id=\"41\" class=\"elementor elementor-41\" data-elementor-post-type=\"page\">\n\t\t\t\t<div class=\"elementor-element elementor-element-7ee562f golf-d e-flex e-con-boxed e-con e-parent\" data-id=\"7ee562f\" data-element_type=\"container\" data-e-type=\"container\" data-settings=\"{&quot;background_background&quot;:&quot;video&quot;,&quot;background_video_link&quot;:&quot;https:\\\/\\\/praktijkpol.nl\\\/wp-content\\\/uploads\\\/2025\\\/11\\\/Video-main.webm&quot;,&quot;background_play_on_mobile&quot;:&quot;yes&quot;}\">\n\t\t\t\t\t<div class=\"e-con-inner\">\n\t\t<div class=\"elementor-background-video-container\">\n\t\t\t\t\t\t\t<video class=\"elementor-background-video-hosted\" role=\"presentation\" autoplay muted playsinline loop><\/video>\n\t\t\t\t\t<\/div>\t\t<div class=\"elementor-element elementor-element-30b10b9 elementor-widget elementor-widget-heading\" data-id=\"30b10b9\" data-element_type=\"widget\" data-e-type=\"widget\" data-widget_type=\"heading.default\">\n\t\t\t\t\t<h1 class=\"elementor-heading-title elementor-size-default\">Terapia par<\/h1>\t\t\t\t<\/div>\n\t\t\t\t\t<\/div>\n\t\t\t\t<\/div>\n\t\t<div class=\"elementor-element elementor-element-d5285d2 e-flex e-con-boxed e-con e-parent\" data-id=\"d5285d2\" data-element_type=\"container\" data-e-type=\"container\">\n\t\t\t\t\t<div class=\"e-con-inner\">\n\t\t<div class=\"elementor-element elementor-element-d981e6f e-con-full cta e-flex e-con e-child\" data-id=\"d981e6f\" data-element_type=\"container\" data-e-type=\"container\">\n\t\t<div class=\"elementor-element elementor-element-6021f2d e-con-full e-flex e-con e-child\" data-id=\"6021f2d\" data-element_type=\"container\" data-e-type=\"container\" data-settings=\"{&quot;background_background&quot;:&quot;classic&quot;}\">\n\t\t\t\t<div class=\"elementor-element elementor-element-decba0c elementor-widget elementor-widget-text-editor\" data-id=\"decba0c\" data-element_type=\"widget\" data-e-type=\"widget\" data-widget_type=\"text-editor.default\">\n\t\t\t\t\t\t\t\t\t<h3 style=\"color: #006684;\">Brak czasu oczekiwania<\/h3><p>Potrzebujesz szybkiej pomocy w zakresie zdrowia psychicznego? Skontaktuj si\u0119 z Praktijk POL. Czas oczekiwania na wst\u0119pn\u0105 konsultacj\u0119 jest kr\u00f3tki.<\/p>\t\t\t\t\t\t\t\t<\/div>\n\t\t\t\t<div class=\"elementor-element elementor-element-1209cb5 elementor-icon-list--layout-inline elementor-list-item-link-full_width elementor-widget elementor-widget-icon-list\" data-id=\"1209cb5\" data-element_type=\"widget\" data-e-type=\"widget\" data-widget_type=\"icon-list.default\">\n\t\t\t\t\t\t\t<ul class=\"elementor-icon-list-items elementor-inline-items\">\n\t\t\t\t\t\t\t<li class=\"elementor-icon-list-item elementor-inline-item\">\n\t\t\t\t\t\t\t\t\t\t\t<a href=\"mailto:info@praktijkpol.nl\">\n\n\t\t\t\t\t\t\t\t\t\t\t\t<span class=\"elementor-icon-list-icon\">\n\t\t\t\t\t\t\t<i aria-hidden=\"true\" class=\"icon icon-mail\"><\/i>\t\t\t\t\t\t<\/span>\n\t\t\t\t\t\t\t\t\t\t<span class=\"elementor-icon-list-text\">info@praktijkpol.nl<\/span>\n\t\t\t\t\t\t\t\t\t\t\t<\/a>\n\t\t\t\t\t\t\t\t\t<\/li>\n\t\t\t\t\t\t\t\t<li class=\"elementor-icon-list-item elementor-inline-item\">\n\t\t\t\t\t\t\t\t\t\t\t<a href=\"tel:%20+31614149870\">\n\n\t\t\t\t\t\t\t\t\t\t\t\t<span class=\"elementor-icon-list-icon\">\n\t\t\t\t\t\t\t<i aria-hidden=\"true\" class=\"icon icon-telefoon\"><\/i>\t\t\t\t\t\t<\/span>\n\t\t\t\t\t\t\t\t\t\t<span class=\"elementor-icon-list-text\">06 - 141 49 870<\/span>\n\t\t\t\t\t\t\t\t\t\t\t<\/a>\n\t\t\t\t\t\t\t\t\t<\/li>\n\t\t\t\t\t\t<\/ul>\n\t\t\t\t\t\t<\/div>\n\t\t\t\t<\/div>\n\t\t<div class=\"elementor-element elementor-element-c4e5a61 e-con-full elementor-hidden-mobile e-flex e-con e-child\" data-id=\"c4e5a61\" data-element_type=\"container\" data-e-type=\"container\" data-settings=\"{&quot;background_background&quot;:&quot;classic&quot;}\">\n\t\t\t\t<div class=\"elementor-element elementor-element-91d09c8 elementor-widget elementor-widget-text-editor\" data-id=\"91d09c8\" data-element_type=\"widget\" data-e-type=\"widget\" data-widget_type=\"text-editor.default\">\n\t\t\t\t\t\t\t\t\t<h3>Kryzys<\/h3><p>Je\u015bli znajdujesz si\u0119 w sytuacji kryzysowej, natychmiast skontaktuj si\u0119 z lekarzem rodzinnym. Poza godzinami pracy mo\u017cna zadzwoni\u0107 do dy\u017curnego lekarza rodzinnego. W razie potrzeby mog\u0105 oni wezwa\u0107 s\u0142u\u017cby kryzysowe GGZ.<\/p>\t\t\t\t\t\t\t\t<\/div>\n\t\t\t\t<\/div>\n\t\t\t\t<\/div>\n\t\t\t\t\t<\/div>\n\t\t\t\t<\/div>\n\t\t<div class=\"elementor-element elementor-element-b616391 e-flex e-con-boxed e-con e-parent\" data-id=\"b616391\" data-element_type=\"container\" data-e-type=\"container\">\n\t\t\t\t\t<div class=\"e-con-inner\">\n\t\t<div class=\"elementor-element elementor-element-bb68d97 e-con-full e-flex e-con e-child\" data-id=\"bb68d97\" data-element_type=\"container\" data-e-type=\"container\">\n\t\t\t\t<div class=\"elementor-element elementor-element-096db00 inhoud elementor-widget elementor-widget-text-editor\" data-id=\"096db00\" data-element_type=\"widget\" data-e-type=\"widget\" data-widget_type=\"text-editor.default\">\n\t\t\t\t\t\t\t\t\t<p>Problemy w zwi\u0105zku mog\u0105 przybiera\u0107 r\u00f3\u017cne formy: wiele k\u0142\u00f3tni, powa\u017cne wydarzenie lub utrata poczucia bycia jedn\u0105 dru\u017cyn\u0105. Nawet je\u015bli na pierwszy rzut oka zwi\u0105zek nadal wydaje si\u0119 \u201cdobry\u201d, terapia zwi\u0105zku mo\u017ce by\u0107 bardzo pomocna na wczesnym etapie.<\/p><h2>Rozpoznajesz to?<\/h2><ul><li>Mn\u00f3stwo k\u0142\u00f3tni i ci\u0105g\u0142ych dyskusji<\/li><li>W\u0105tpliwo\u015bci: kontynuowa\u0107 czy ratowa\u0107 zwi\u0105zek\u00a0<\/li><li>Trudna komunikacja\u00a0<\/li><li>Zazdro\u015b\u0107 lub brak zaufania\u00a0<\/li><li>Poczucie, \u017ce oddalacie si\u0119 od siebie i nie rozumiecie<\/li><li>T\u0119sknisz za zdrowym, pe\u0142nym mi\u0142o\u015bci zwi\u0105zkiem<\/li><\/ul>\t\t\t\t\t\t\t\t<\/div>\n\t\t\t\t<div class=\"elementor-element elementor-element-0d70a37 elementor-widget elementor-widget-text-editor\" data-id=\"0d70a37\" data-element_type=\"widget\" data-e-type=\"widget\" data-widget_type=\"text-editor.default\">\n\t\t\t\t\t\t\t\t\t<h3>Podej\u015bcie<\/h3>\nStosujemy terapi\u0119 par skoncentrowan\u0105 na emocjach (EFT), aby odnale\u017a\u0107 i zmieni\u0107 podstawowe wzorce oraz emocje obecne w Waszym zwi\u0105zku. Bezstronno\u015b\u0107 terapeuty jest tutaj niezb\u0119dna. Cz\u0119sto potrzeba oko\u0142o dziesi\u0119ciu sesji, aby uzyska\u0107 wgl\u0105d w problemy w relacji i aby obie strony mog\u0142y podj\u0105\u0107 konkretne kroki w kierunku poprawy swojego zwi\u0105zku.\t\t\t\t\t\t\t\t<\/div>\n\t\t\t\t<div class=\"elementor-element elementor-element-10009e2 elementor-widget elementor-widget-heading\" data-id=\"10009e2\" data-element_type=\"widget\" data-e-type=\"widget\" data-widget_type=\"heading.default\">\n\t\t\t\t\t<h2 class=\"elementor-heading-title elementor-size-default\">Stawki (od 1 stycznia 2026 r.)<\/h2>\t\t\t\t<\/div>\n\t\t<div class=\"elementor-element elementor-element-7f4ac6c e-con-full tarieven-wrapper e-flex e-con e-child\" data-id=\"7f4ac6c\" data-element_type=\"container\" data-e-type=\"container\">\n\t\t\t\t<div class=\"elementor-element elementor-element-43ea185 elementor-widget elementor-widget-text-editor\" data-id=\"43ea185\" data-element_type=\"widget\" data-e-type=\"widget\" data-widget_type=\"text-editor.default\">\n\t\t\t\t\t\t\t\t\t<table class=\"tarieven\"><tbody><tr><td>Indywidualna konsultacja (60 minut)<\/td><td>110 \u20ac (z VAT)<\/td><\/tr><tr><td><strong>Terapia relacji (60 minut)<\/strong><\/td><td><strong>140 \u20ac (bez VAT)<\/strong><\/td><\/tr><tr><td>Konsultacje biznesowe (60 minut)<\/td><td>150 \u20ac (bez VAT)<\/td><\/tr><tr><td><p>Dla firm<\/p><p><a class=\"elementor-button elementor-button-text\" href=\"https:\/\/praktijkpol.nl\/pl\/firmy\/#offerte\">Popro\u015b o wycen\u0119<\/a><\/p><\/td><td>Cena do negocjacji<\/td><\/tr><\/tbody><\/table>\t\t\t\t\t\t\t\t<\/div>\n\t\t\t\t<\/div>\n\t\t\t\t<div class=\"elementor-element elementor-element-72b5369 elementor-widget elementor-widget-text-editor\" data-id=\"72b5369\" data-element_type=\"widget\" data-e-type=\"widget\" data-widget_type=\"text-editor.default\">\n\t\t\t\t\t\t\t\t\t<span class=\"disclaimer\">Og\u00f3lne warunki maj\u0105 zastosowanie do pe\u0142nego zakresu pomocy. Stawki te s\u0105 celowo ni\u017csze ni\u017c stawka NZA (177,89 EUR), aby zapewni\u0107 dost\u0119pno\u015b\u0107 opieki.<\/span>\t\t\t\t\t\t\t\t<\/div>\n\t\t\t\t<\/div>\n\t\t<div class=\"elementor-element elementor-element-0f2a0c7 e-con-full e-flex e-con e-child\" data-id=\"0f2a0c7\" data-element_type=\"container\" data-e-type=\"container\">\n\t\t\t\t<div class=\"elementor-element elementor-element-18ad02c inhoud elementor-widget elementor-widget-text-editor\" data-id=\"18ad02c\" data-element_type=\"widget\" data-e-type=\"widget\" data-widget_type=\"text-editor.default\">\n\t\t\t\t\t\t\t\t\t<h2 style=\"color: #006684;\">Wi\u0119cej zabieg\u00f3w<\/h2>\n<nav class=\"navmenu\">\n<ul>\n \t<li><a href=\"https:\/\/praktijkpol.nl\/pl\/zabiegi\/problemy-z-adhd\/\">Problemy z ADHD<\/a><\/li>\n \t<li><a href=\"https:\/\/praktijkpol.nl\/pl\/zabiegi\/coaching\/\">Coaching<\/a><\/li>\n \t<li><a href=\"https:\/\/praktijkpol.nl\/pl\/zabiegi\/panika-i-niepokoj\/\">Panika in niepok\u00f3j<\/a><\/li>\n \t<li><a href=\"https:\/\/praktijkpol.nl\/pl\/zabiegi\/problemy-z-nastrojem\/\">Problemy z nastrojem<\/a><\/li>\n \t<li><a href=\"https:\/\/praktijkpol.nl\/pl\/zabiegi\/problemy-zwiazane-z-praca\/\">Problemy zwi\u0105zane z prac\u0105<\/a><\/li>\n \t<li><a href=\"https:\/\/praktijkpol.nl\/pl\/zabiegi\/obraz-siebie-i-pewnosc-siebie\/\">Wizerunek w\u0142asny i pewno\u015b\u0107 siebie<\/a><\/li>\n<\/ul>\n<\/nav>\t\t\t\t\t\t\t\t<\/div>\n\t\t<div class=\"elementor-element elementor-element-906f850 e-con-full cta e-flex e-con e-child\" data-id=\"906f850\" data-element_type=\"container\" data-e-type=\"container\" data-settings=\"{&quot;background_background&quot;:&quot;classic&quot;}\">\n\t\t\t\t<div class=\"elementor-element elementor-element-4cb0158 elementor-widget elementor-widget-text-editor\" data-id=\"4cb0158\" data-element_type=\"widget\" data-e-type=\"widget\" data-widget_type=\"text-editor.default\">\n\t\t\t\t\t\t\t\t\t<h2>Skontaktuj si\u0119 z nami bez zobowi\u0105za\u0144<\/h2><p>Masz w\u0105tpliwo\u015bci, czy mo\u017cemy co\u015b dla Ciebie zrobi\u0107? Zapraszamy do kontaktu z nami, wsp\u00f3lnie sprawdzimy mo\u017cliwo\u015bci.<\/p>\t\t\t\t\t\t\t\t<\/div>\n\t\t\t\t<div class=\"elementor-element elementor-element-bf36d4c elementor-icon-list--layout-inline elementor-list-item-link-full_width elementor-widget elementor-widget-icon-list\" data-id=\"bf36d4c\" data-element_type=\"widget\" data-e-type=\"widget\" data-widget_type=\"icon-list.default\">\n\t\t\t\t\t\t\t<ul class=\"elementor-icon-list-items elementor-inline-items\">\n\t\t\t\t\t\t\t<li class=\"elementor-icon-list-item elementor-inline-item\">\n\t\t\t\t\t\t\t\t\t\t\t<a href=\"mailto:info@praktijkpol.nl\">\n\n\t\t\t\t\t\t\t\t\t\t\t\t<span class=\"elementor-icon-list-icon\">\n\t\t\t\t\t\t\t<i aria-hidden=\"true\" class=\"icon icon-mail\"><\/i>\t\t\t\t\t\t<\/span>\n\t\t\t\t\t\t\t\t\t\t<span class=\"elementor-icon-list-text\">info@praktijkpol.nl<\/span>\n\t\t\t\t\t\t\t\t\t\t\t<\/a>\n\t\t\t\t\t\t\t\t\t<\/li>\n\t\t\t\t\t\t\t\t<li class=\"elementor-icon-list-item elementor-inline-item\">\n\t\t\t\t\t\t\t\t\t\t\t<a href=\"tel:%20+31614149870\">\n\n\t\t\t\t\t\t\t\t\t\t\t\t<span class=\"elementor-icon-list-icon\">\n\t\t\t\t\t\t\t<i aria-hidden=\"true\" class=\"icon icon-telefoon\"><\/i>\t\t\t\t\t\t<\/span>\n\t\t\t\t\t\t\t\t\t\t<span class=\"elementor-icon-list-text\">06 - 141 49 870<\/span>\n\t\t\t\t\t\t\t\t\t\t\t<\/a>\n\t\t\t\t\t\t\t\t\t<\/li>\n\t\t\t\t\t\t<\/ul>\n\t\t\t\t\t\t<\/div>\n\t\t\t\t<div class=\"elementor-element elementor-element-80e4b6e elementor-widget elementor-widget-button\" data-id=\"80e4b6e\" data-element_type=\"widget\" data-e-type=\"widget\" data-widget_type=\"button.default\">\n\t\t\t\t\t\t\t\t\t\t<a class=\"elementor-button elementor-button-link elementor-size-sm\" href=\"https:\/\/praktijkpol.nl\/pl\/contact\/\">\n\t\t\t\t\t\t<span class=\"elementor-button-content-wrapper\">\n\t\t\t\t\t\t\t\t\t<span class=\"elementor-button-text\">Kontakt<\/span>\n\t\t\t\t\t<\/span>\n\t\t\t\t\t<\/a>\n\t\t\t\t\t\t\t\t<\/div>\n\t\t\t\t<\/div>\n\t\t\t\t<\/div>\n\t\t\t\t\t<\/div>\n\t\t\t\t<\/div>\n\t\t\t\t<\/div>","protected":false},"excerpt":{"rendered":"<p>Relatieproblemen Geen wachttijden Wilt u snel hulp bij psychische klachten? Neem contact op met Praktijk POL. De wachttijd voor een eerste gesprek is kort. info@praktijkpol.nl 06 &#8211; 141 49 870 Crisis Bent u in crisis, neem dan direct contact op met uw huisarts. Buiten kantoortijden kunt u de huisartsenpost bellen. Zij kunnen zo nodig de [&hellip;]<\/p>\n","protected":false},"author":2,"featured_media":0,"parent":23,"menu_order":0,"comment_status":"closed","ping_status":"closed","template":"","meta":{"footnotes":""},"class_list":["post-41","page","type-page","status-publish","hentry"],"yoast_head":"<!-- This site is optimized with the Yoast SEO plugin v27.4 - https:\/\/yoast.com\/product\/yoast-seo-wordpress\/ -->\n<title>Relatieproblemen - Praktijk Pol<\/title>\n<meta name=\"robots\" content=\"index, follow, max-snippet:-1, max-image-preview:large, max-video-preview:-1\" \/>\n<link rel=\"canonical\" href=\"https:\/\/praktijkpol.nl\/pl\/zabiegi\/problemy-w-zwiazkach\/\" \/>\n<meta property=\"og:locale\" content=\"pl_PL\" \/>\n<meta property=\"og:type\" content=\"article\" \/>\n<meta property=\"og:title\" content=\"Relatieproblemen - Praktijk Pol\" \/>\n<meta property=\"og:description\" content=\"Relatieproblemen Geen wachttijden Wilt u snel hulp bij psychische klachten? Neem contact op met Praktijk POL. De wachttijd voor een eerste gesprek is kort. info@praktijkpol.nl 06 &#8211; 141 49 870 Crisis Bent u in crisis, neem dan direct contact op met uw huisarts. Buiten kantoortijden kunt u de huisartsenpost bellen. Zij kunnen zo nodig de [&hellip;]\" \/>\n<meta property=\"og:url\" content=\"https:\/\/praktijkpol.nl\/pl\/zabiegi\/problemy-w-zwiazkach\/\" \/>\n<meta property=\"og:site_name\" content=\"Praktijk Pol\" \/>\n<meta property=\"article:modified_time\" content=\"2025-12-22T09:47:58+00:00\" \/>\n<meta name=\"twitter:card\" content=\"summary_large_image\" \/>\n<meta name=\"twitter:label1\" content=\"Szacowany czas czytania\" \/>\n\t<meta name=\"twitter:data1\" content=\"1 minuta\" \/>\n<script type=\"application\/ld+json\" class=\"yoast-schema-graph\">{\"@context\":\"https:\\\/\\\/schema.org\",\"@graph\":[{\"@type\":\"WebPage\",\"@id\":\"https:\\\/\\\/praktijkpol.nl\\\/behandelingen\\\/relatieproblemen\\\/\",\"url\":\"https:\\\/\\\/praktijkpol.nl\\\/behandelingen\\\/relatieproblemen\\\/\",\"name\":\"Relatieproblemen - Praktijk Pol\",\"isPartOf\":{\"@id\":\"https:\\\/\\\/praktijkpol.nl\\\/#website\"},\"datePublished\":\"2025-11-18T09:22:34+00:00\",\"dateModified\":\"2025-12-22T09:47:58+00:00\",\"breadcrumb\":{\"@id\":\"https:\\\/\\\/praktijkpol.nl\\\/behandelingen\\\/relatieproblemen\\\/#breadcrumb\"},\"inLanguage\":\"pl-PL\",\"potentialAction\":[{\"@type\":\"ReadAction\",\"target\":[\"https:\\\/\\\/praktijkpol.nl\\\/behandelingen\\\/relatieproblemen\\\/\"]}]},{\"@type\":\"BreadcrumbList\",\"@id\":\"https:\\\/\\\/praktijkpol.nl\\\/behandelingen\\\/relatieproblemen\\\/#breadcrumb\",\"itemListElement\":[{\"@type\":\"ListItem\",\"position\":1,\"name\":\"Home\",\"item\":\"https:\\\/\\\/praktijkpol.nl\\\/\"},{\"@type\":\"ListItem\",\"position\":2,\"name\":\"Behandelingen\",\"item\":\"https:\\\/\\\/praktijkpol.nl\\\/behandelingen\\\/\"},{\"@type\":\"ListItem\",\"position\":3,\"name\":\"Relatieproblemen\"}]},{\"@type\":\"WebSite\",\"@id\":\"https:\\\/\\\/praktijkpol.nl\\\/#website\",\"url\":\"https:\\\/\\\/praktijkpol.nl\\\/\",\"name\":\"Praktijk POL\",\"description\":\"\",\"publisher\":{\"@id\":\"https:\\\/\\\/praktijkpol.nl\\\/#organization\"},\"potentialAction\":[{\"@type\":\"SearchAction\",\"target\":{\"@type\":\"EntryPoint\",\"urlTemplate\":\"https:\\\/\\\/praktijkpol.nl\\\/?s={search_term_string}\"},\"query-input\":{\"@type\":\"PropertyValueSpecification\",\"valueRequired\":true,\"valueName\":\"search_term_string\"}}],\"inLanguage\":\"pl-PL\"},{\"@type\":\"Organization\",\"@id\":\"https:\\\/\\\/praktijkpol.nl\\\/#organization\",\"name\":\"Psychologenpraktijk POL\",\"url\":\"https:\\\/\\\/praktijkpol.nl\\\/\",\"logo\":{\"@type\":\"ImageObject\",\"inLanguage\":\"pl-PL\",\"@id\":\"https:\\\/\\\/praktijkpol.nl\\\/#\\\/schema\\\/logo\\\/image\\\/\",\"url\":\"https:\\\/\\\/praktijkpol.nl\\\/wp-content\\\/uploads\\\/2025\\\/11\\\/Pscyhologenpraktijk-Pol-logo.png\",\"contentUrl\":\"https:\\\/\\\/praktijkpol.nl\\\/wp-content\\\/uploads\\\/2025\\\/11\\\/Pscyhologenpraktijk-Pol-logo.png\",\"width\":328,\"height\":77,\"caption\":\"Psychologenpraktijk POL\"},\"image\":{\"@id\":\"https:\\\/\\\/praktijkpol.nl\\\/#\\\/schema\\\/logo\\\/image\\\/\"}}]}<\/script>\n<!-- \/ Yoast SEO plugin. -->","yoast_head_json":{"title":"Problemy w zwi\u0105zkach - Practice Pol","robots":{"index":"index","follow":"follow","max-snippet":"max-snippet:-1","max-image-preview":"max-image-preview:large","max-video-preview":"max-video-preview:-1"},"canonical":"https:\/\/praktijkpol.nl\/pl\/zabiegi\/problemy-w-zwiazkach\/","og_locale":"pl_PL","og_type":"article","og_title":"Relatieproblemen - Praktijk Pol","og_description":"Relatieproblemen Geen wachttijden Wilt u snel hulp bij psychische klachten? Neem contact op met Praktijk POL. De wachttijd voor een eerste gesprek is kort. info@praktijkpol.nl 06 &#8211; 141 49 870 Crisis Bent u in crisis, neem dan direct contact op met uw huisarts. Buiten kantoortijden kunt u de huisartsenpost bellen. Zij kunnen zo nodig de [&hellip;]","og_url":"https:\/\/praktijkpol.nl\/pl\/zabiegi\/problemy-w-zwiazkach\/","og_site_name":"Praktijk Pol","article_modified_time":"2025-12-22T09:47:58+00:00","twitter_card":"summary_large_image","twitter_misc":{"Szacowany czas czytania":"1 minuta"},"schema":{"@context":"https:\/\/schema.org","@graph":[{"@type":"WebPage","@id":"https:\/\/praktijkpol.nl\/behandelingen\/relatieproblemen\/","url":"https:\/\/praktijkpol.nl\/behandelingen\/relatieproblemen\/","name":"Problemy w zwi\u0105zkach - Practice Pol","isPartOf":{"@id":"https:\/\/praktijkpol.nl\/#website"},"datePublished":"2025-11-18T09:22:34+00:00","dateModified":"2025-12-22T09:47:58+00:00","breadcrumb":{"@id":"https:\/\/praktijkpol.nl\/behandelingen\/relatieproblemen\/#breadcrumb"},"inLanguage":"pl-PL","potentialAction":[{"@type":"ReadAction","target":["https:\/\/praktijkpol.nl\/behandelingen\/relatieproblemen\/"]}]},{"@type":"BreadcrumbList","@id":"https:\/\/praktijkpol.nl\/behandelingen\/relatieproblemen\/#breadcrumb","itemListElement":[{"@type":"ListItem","position":1,"name":"Home","item":"https:\/\/praktijkpol.nl\/"},{"@type":"ListItem","position":2,"name":"Behandelingen","item":"https:\/\/praktijkpol.nl\/behandelingen\/"},{"@type":"ListItem","position":3,"name":"Relatieproblemen"}]},{"@type":"WebSite","@id":"https:\/\/praktijkpol.nl\/#website","url":"https:\/\/praktijkpol.nl\/","name":"Praktyka POL","description":"","publisher":{"@id":"https:\/\/praktijkpol.nl\/#organization"},"potentialAction":[{"@type":"SearchAction","target":{"@type":"EntryPoint","urlTemplate":"https:\/\/praktijkpol.nl\/?s={search_term_string}"},"query-input":{"@type":"PropertyValueSpecification","valueRequired":true,"valueName":"search_term_string"}}],"inLanguage":"pl-PL"},{"@type":"Organization","@id":"https:\/\/praktijkpol.nl\/#organization","name":"Praktyka psychologii POL","url":"https:\/\/praktijkpol.nl\/","logo":{"@type":"ImageObject","inLanguage":"pl-PL","@id":"https:\/\/praktijkpol.nl\/#\/schema\/logo\/image\/","url":"https:\/\/praktijkpol.nl\/wp-content\/uploads\/2025\/11\/Pscyhologenpraktijk-Pol-logo.png","contentUrl":"https:\/\/praktijkpol.nl\/wp-content\/uploads\/2025\/11\/Pscyhologenpraktijk-Pol-logo.png","width":328,"height":77,"caption":"Psychologenpraktijk POL"},"image":{"@id":"https:\/\/praktijkpol.nl\/#\/schema\/logo\/image\/"}}]}},"_links":{"self":[{"href":"https:\/\/praktijkpol.nl\/pl\/wp-json\/wp\/v2\/pages\/41","targetHints":{"allow":["GET"]}}],"collection":[{"href":"https:\/\/praktijkpol.nl\/pl\/wp-json\/wp\/v2\/pages"}],"about":[{"href":"https:\/\/praktijkpol.nl\/pl\/wp-json\/wp\/v2\/types\/page"}],"author":[{"embeddable":true,"href":"https:\/\/praktijkpol.nl\/pl\/wp-json\/wp\/v2\/users\/2"}],"replies":[{"embeddable":true,"href":"https:\/\/praktijkpol.nl\/pl\/wp-json\/wp\/v2\/comments?post=41"}],"version-history":[{"count":22,"href":"https:\/\/praktijkpol.nl\/pl\/wp-json\/wp\/v2\/pages\/41\/revisions"}],"predecessor-version":[{"id":1946,"href":"https:\/\/praktijkpol.nl\/pl\/wp-json\/wp\/v2\/pages\/41\/revisions\/1946"}],"up":[{"embeddable":true,"href":"https:\/\/praktijkpol.nl\/pl\/wp-json\/wp\/v2\/pages\/23"}],"wp:attachment":[{"href":"https:\/\/praktijkpol.nl\/pl\/wp-json\/wp\/v2\/media?parent=41"}],"curies":[{"name":"wp","href":"https:\/\/api.w.org\/{rel}","templated":true}]}}