{"id":376,"date":"2025-11-21T10:09:04","date_gmt":"2025-11-21T09:09:04","guid":{"rendered":"https:\/\/baselinkweb.nl\/pol\/?page_id=376"},"modified":"2025-12-31T10:44:54","modified_gmt":"2025-12-31T09:44:54","slug":"polityka-cookies","status":"publish","type":"page","link":"https:\/\/praktijkpol.nl\/pl\/cookiebeleid\/","title":{"rendered":"Polityka plik\u00f3w cookie"},"content":{"rendered":"<div data-elementor-type=\"wp-page\" data-elementor-id=\"376\" class=\"elementor elementor-376\" data-elementor-post-type=\"page\">\n\t\t\t\t<div class=\"elementor-element elementor-element-e714877 e-flex e-con-boxed e-con e-parent\" data-id=\"e714877\" data-element_type=\"container\" data-e-type=\"container\">\n\t\t\t\t\t<div class=\"e-con-inner\">\n\t\t\t\t<div class=\"elementor-element elementor-element-27273f6 elementor-widget__width-initial inhoud elementor-widget elementor-widget-text-editor\" data-id=\"27273f6\" data-element_type=\"widget\" data-e-type=\"widget\" data-widget_type=\"text-editor.default\">\n\t\t\t\t\t\t\t\t\t<h1 style=\"color: #006684;\">Polityka plik\u00f3w cookie<\/h1><p>Niniejsza polityka plik\u00f3w cookie Psychologenpraktijk POL wyja\u015bnia, czym s\u0105 pliki cookie i w jaki spos\u00f3b wykorzystujemy je na naszej stronie internetowej. Niniejsza polityka informuje o tym, jakich plik\u00f3w cookie u\u017cywamy, jakie dane gromadz\u0105 i w jaki spos\u00f3b mo\u017cna \u0142atwo zarz\u0105dza\u0107 swoimi preferencjami. Wi\u0119cej informacji na temat tego, w jaki spos\u00f3b przetwarzamy dane osobowe, mo\u017cna znale\u017a\u0107 na stronie <a href=\"\/pl\/polityka-prywatnosci\/\">polityka prywatno\u015bci<\/a>.<\/p><h3>Czym s\u0105 pliki cookie?<\/h3><p>Pliki cookie to ma\u0142e pliki tekstowe przechowywane na urz\u0105dzeniu u\u017cytkownika podczas odwiedzania strony internetowej. S\u0142u\u017c\u0105 one do zapami\u0119tywania informacji o wizycie u\u017cytkownika, takich jak preferencje lub ustawienia, oraz do poprawy funkcjonalno\u015bci i wydajno\u015bci strony internetowej. Pliki cookie mog\u0105 by\u0107 ustawiane przez sam\u0105 witryn\u0119 (w\u0142asne pliki cookie) lub przez podmioty zewn\u0119trzne (pliki cookie podmiot\u00f3w zewn\u0119trznych).<\/p><h3>Dlaczego u\u017cywamy plik\u00f3w cookie?<\/h3><p>U\u017cywamy plik\u00f3w cookie do:<\/p><ul><li>Utrzymanie prawid\u0142owego funkcjonowania strony pod wzgl\u0119dem technicznym;<\/li><li>Poprawa do\u015bwiadczenia u\u017cytkownika;<\/li><li>Zbieranie informacji statystycznych na temat korzystania z witryny;<\/li><li>W niekt\u00f3rych przypadkach oferowa\u0107 spersonalizowane tre\u015bci lub reklamy.<\/li><\/ul><h3>Jakich rodzaj\u00f3w plik\u00f3w cookie u\u017cywamy?<\/h3><p><span style=\"text-decoration: underline;\">Niezb\u0119dne pliki cookie<\/span><br \/>Te pliki cookie s\u0105 niezb\u0119dne do technicznego dzia\u0142ania strony internetowej. Umo\u017cliwiaj\u0105 one na przyk\u0142ad poruszanie si\u0119 po witrynie, wype\u0142nianie formularzy lub ustawianie preferencji dotycz\u0105cych prywatno\u015bci. W przypadku tych plik\u00f3w cookie nie jest wymagana \u017cadna zgoda.<\/p><p><span style=\"text-decoration: underline;\">Funkcjonalne pliki cookie<\/span><br \/>Te pliki cookie zapami\u0119tuj\u0105 wybory dokonywane na naszej stronie internetowej, takie jak ustawienia j\u0119zyka lub regionu, w celu poprawy komfortu u\u017cytkowania.<\/p><p><span style=\"text-decoration: underline;\">Analityczne pliki cookie<\/span><br \/>Te pliki cookie pomagaj\u0105 nam zrozumie\u0107, w jaki spos\u00f3b u\u017cytkownicy korzystaj\u0105 z witryny. Dostarczaj\u0105 informacji na temat, na przyk\u0142ad, odwiedzanych stron i zachowa\u0144 zwi\u0105zanych z klikni\u0119ciami, dzi\u0119ki czemu mo\u017cemy ulepsza\u0107 witryn\u0119. Te pliki cookie s\u0105 umieszczane wy\u0142\u0105cznie za zgod\u0105 u\u017cytkownika.<\/p><p><span style=\"text-decoration: underline;\">Marketingowe pliki cookie<\/span><br \/>Te pliki cookie s\u0142u\u017c\u0105 do wy\u015bwietlania odpowiednich reklam na podstawie zachowania u\u017cytkownika podczas przegl\u0105dania. Te pliki cookie \u015bledz\u0105 zachowanie u\u017cytkownika na naszej stronie internetowej, a tak\u017ce na innych stronach internetowych. Ponownie, te pliki cookie s\u0105 umieszczane wy\u0142\u0105cznie po uzyskaniu zgody u\u017cytkownika.<\/p><h3>Podstawa prawna<\/h3><p>Korzystanie z niezb\u0119dnych plik\u00f3w cookie opiera si\u0119 na naszym uzasadnionym interesie w prawid\u0142owym funkcjonowaniu strony internetowej. W przypadku wszystkich innych plik\u00f3w cookie prosimy o uprzedni\u0105 zgod\u0119 u\u017cytkownika, zgodnie z og\u00f3lnym rozporz\u0105dzeniem o ochronie danych (RODO) i ustaw\u0105 o telekomunikacji.<\/p><h3>Zarz\u0105dzanie preferencjami dotycz\u0105cymi plik\u00f3w cookie<\/h3><p>Podczas pierwszej wizyty na naszej stronie internetowej u\u017cytkownik zobaczy baner plik\u00f3w cookie, w kt\u00f3rym mo\u017ce ustawi\u0107 swoje preferencje. U\u017cytkownik mo\u017ce zmieni\u0107 lub wycofa\u0107 swoj\u0105 zgod\u0119 w dowolnym momencie za pomoc\u0105 ustawie\u0144 plik\u00f3w cookie na dole naszej strony internetowej. Ponadto u\u017cytkownik mo\u017ce zablokowa\u0107 lub usun\u0105\u0107 pliki cookie za pomoc\u0105 ustawie\u0144 przegl\u0105darki. Nale\u017cy pami\u0119ta\u0107, \u017ce zablokowanie plik\u00f3w cookie mo\u017ce wp\u0142yn\u0105\u0107 na dzia\u0142anie naszej witryny.<\/p><p>Ostatnia aktualizacja: 26-11-2025<\/p>\t\t\t\t\t\t\t\t<\/div>\n\t\t\t\t\t<\/div>\n\t\t\t\t<\/div>\n\t\t\t\t<\/div>","protected":false},"excerpt":{"rendered":"<p>Cookiebeleid Dit cookiebeleid van Psychologenpraktijk POL legt uit wat cookies zijn en hoe we ze gebruiken op onze website. In dit beleid leest u welke cookies wij gebruiken, welke gegevens daarmee worden verzameld en hoe u uw voorkeuren eenvoudig kunt beheren. Meer informatie over hoe wij omgaan met persoonsgegevens vindt u in ons privacybeleid. Wat [&hellip;]<\/p>\n","protected":false},"author":2,"featured_media":0,"parent":0,"menu_order":0,"comment_status":"closed","ping_status":"closed","template":"","meta":{"footnotes":""},"class_list":["post-376","page","type-page","status-publish","hentry"],"yoast_head":"<!-- This site is optimized with the Yoast SEO plugin v27.4 - https:\/\/yoast.com\/product\/yoast-seo-wordpress\/ -->\n<title>Cookiebeleid - Praktijk Pol<\/title>\n<meta name=\"robots\" content=\"index, follow, max-snippet:-1, max-image-preview:large, max-video-preview:-1\" \/>\n<link rel=\"canonical\" href=\"https:\/\/praktijkpol.nl\/pl\/polityka-cookies\/\" \/>\n<meta property=\"og:locale\" content=\"pl_PL\" \/>\n<meta property=\"og:type\" content=\"article\" \/>\n<meta property=\"og:title\" content=\"Cookiebeleid - Praktijk Pol\" \/>\n<meta property=\"og:description\" content=\"Cookiebeleid Dit cookiebeleid van Psychologenpraktijk POL legt uit wat cookies zijn en hoe we ze gebruiken op onze website. In dit beleid leest u welke cookies wij gebruiken, welke gegevens daarmee worden verzameld en hoe u uw voorkeuren eenvoudig kunt beheren. Meer informatie over hoe wij omgaan met persoonsgegevens vindt u in ons privacybeleid. Wat [&hellip;]\" \/>\n<meta property=\"og:url\" content=\"https:\/\/praktijkpol.nl\/pl\/polityka-cookies\/\" \/>\n<meta property=\"og:site_name\" content=\"Praktijk Pol\" \/>\n<meta property=\"article:modified_time\" content=\"2025-12-31T09:44:54+00:00\" \/>\n<meta name=\"twitter:card\" content=\"summary_large_image\" \/>\n<meta name=\"twitter:label1\" content=\"Szacowany czas czytania\" \/>\n\t<meta name=\"twitter:data1\" content=\"2 minuty\" \/>\n<script type=\"application\/ld+json\" class=\"yoast-schema-graph\">{\"@context\":\"https:\\\/\\\/schema.org\",\"@graph\":[{\"@type\":\"WebPage\",\"@id\":\"https:\\\/\\\/praktijkpol.nl\\\/cookiebeleid\\\/\",\"url\":\"https:\\\/\\\/praktijkpol.nl\\\/cookiebeleid\\\/\",\"name\":\"Cookiebeleid - Praktijk Pol\",\"isPartOf\":{\"@id\":\"https:\\\/\\\/praktijkpol.nl\\\/#website\"},\"datePublished\":\"2025-11-21T09:09:04+00:00\",\"dateModified\":\"2025-12-31T09:44:54+00:00\",\"breadcrumb\":{\"@id\":\"https:\\\/\\\/praktijkpol.nl\\\/cookiebeleid\\\/#breadcrumb\"},\"inLanguage\":\"pl-PL\",\"potentialAction\":[{\"@type\":\"ReadAction\",\"target\":[\"https:\\\/\\\/praktijkpol.nl\\\/cookiebeleid\\\/\"]}]},{\"@type\":\"BreadcrumbList\",\"@id\":\"https:\\\/\\\/praktijkpol.nl\\\/cookiebeleid\\\/#breadcrumb\",\"itemListElement\":[{\"@type\":\"ListItem\",\"position\":1,\"name\":\"Home\",\"item\":\"https:\\\/\\\/praktijkpol.nl\\\/\"},{\"@type\":\"ListItem\",\"position\":2,\"name\":\"Cookiebeleid\"}]},{\"@type\":\"WebSite\",\"@id\":\"https:\\\/\\\/praktijkpol.nl\\\/#website\",\"url\":\"https:\\\/\\\/praktijkpol.nl\\\/\",\"name\":\"Praktijk POL\",\"description\":\"\",\"publisher\":{\"@id\":\"https:\\\/\\\/praktijkpol.nl\\\/#organization\"},\"potentialAction\":[{\"@type\":\"SearchAction\",\"target\":{\"@type\":\"EntryPoint\",\"urlTemplate\":\"https:\\\/\\\/praktijkpol.nl\\\/?s={search_term_string}\"},\"query-input\":{\"@type\":\"PropertyValueSpecification\",\"valueRequired\":true,\"valueName\":\"search_term_string\"}}],\"inLanguage\":\"pl-PL\"},{\"@type\":\"Organization\",\"@id\":\"https:\\\/\\\/praktijkpol.nl\\\/#organization\",\"name\":\"Psychologenpraktijk POL\",\"url\":\"https:\\\/\\\/praktijkpol.nl\\\/\",\"logo\":{\"@type\":\"ImageObject\",\"inLanguage\":\"pl-PL\",\"@id\":\"https:\\\/\\\/praktijkpol.nl\\\/#\\\/schema\\\/logo\\\/image\\\/\",\"url\":\"https:\\\/\\\/praktijkpol.nl\\\/wp-content\\\/uploads\\\/2025\\\/11\\\/Pscyhologenpraktijk-Pol-logo.png\",\"contentUrl\":\"https:\\\/\\\/praktijkpol.nl\\\/wp-content\\\/uploads\\\/2025\\\/11\\\/Pscyhologenpraktijk-Pol-logo.png\",\"width\":328,\"height\":77,\"caption\":\"Psychologenpraktijk POL\"},\"image\":{\"@id\":\"https:\\\/\\\/praktijkpol.nl\\\/#\\\/schema\\\/logo\\\/image\\\/\"}}]}<\/script>\n<!-- \/ Yoast SEO plugin. -->","yoast_head_json":{"title":"Polityka plik\u00f3w cookie - Practice Pol","robots":{"index":"index","follow":"follow","max-snippet":"max-snippet:-1","max-image-preview":"max-image-preview:large","max-video-preview":"max-video-preview:-1"},"canonical":"https:\/\/praktijkpol.nl\/pl\/polityka-cookies\/","og_locale":"pl_PL","og_type":"article","og_title":"Cookiebeleid - Praktijk Pol","og_description":"Cookiebeleid Dit cookiebeleid van Psychologenpraktijk POL legt uit wat cookies zijn en hoe we ze gebruiken op onze website. In dit beleid leest u welke cookies wij gebruiken, welke gegevens daarmee worden verzameld en hoe u uw voorkeuren eenvoudig kunt beheren. Meer informatie over hoe wij omgaan met persoonsgegevens vindt u in ons privacybeleid. Wat [&hellip;]","og_url":"https:\/\/praktijkpol.nl\/pl\/polityka-cookies\/","og_site_name":"Praktijk Pol","article_modified_time":"2025-12-31T09:44:54+00:00","twitter_card":"summary_large_image","twitter_misc":{"Szacowany czas czytania":"2 minuty"},"schema":{"@context":"https:\/\/schema.org","@graph":[{"@type":"WebPage","@id":"https:\/\/praktijkpol.nl\/cookiebeleid\/","url":"https:\/\/praktijkpol.nl\/cookiebeleid\/","name":"Polityka plik\u00f3w cookie - Practice Pol","isPartOf":{"@id":"https:\/\/praktijkpol.nl\/#website"},"datePublished":"2025-11-21T09:09:04+00:00","dateModified":"2025-12-31T09:44:54+00:00","breadcrumb":{"@id":"https:\/\/praktijkpol.nl\/cookiebeleid\/#breadcrumb"},"inLanguage":"pl-PL","potentialAction":[{"@type":"ReadAction","target":["https:\/\/praktijkpol.nl\/cookiebeleid\/"]}]},{"@type":"BreadcrumbList","@id":"https:\/\/praktijkpol.nl\/cookiebeleid\/#breadcrumb","itemListElement":[{"@type":"ListItem","position":1,"name":"Home","item":"https:\/\/praktijkpol.nl\/"},{"@type":"ListItem","position":2,"name":"Cookiebeleid"}]},{"@type":"WebSite","@id":"https:\/\/praktijkpol.nl\/#website","url":"https:\/\/praktijkpol.nl\/","name":"Praktyka POL","description":"","publisher":{"@id":"https:\/\/praktijkpol.nl\/#organization"},"potentialAction":[{"@type":"SearchAction","target":{"@type":"EntryPoint","urlTemplate":"https:\/\/praktijkpol.nl\/?s={search_term_string}"},"query-input":{"@type":"PropertyValueSpecification","valueRequired":true,"valueName":"search_term_string"}}],"inLanguage":"pl-PL"},{"@type":"Organization","@id":"https:\/\/praktijkpol.nl\/#organization","name":"Praktyka psychologii POL","url":"https:\/\/praktijkpol.nl\/","logo":{"@type":"ImageObject","inLanguage":"pl-PL","@id":"https:\/\/praktijkpol.nl\/#\/schema\/logo\/image\/","url":"https:\/\/praktijkpol.nl\/wp-content\/uploads\/2025\/11\/Pscyhologenpraktijk-Pol-logo.png","contentUrl":"https:\/\/praktijkpol.nl\/wp-content\/uploads\/2025\/11\/Pscyhologenpraktijk-Pol-logo.png","width":328,"height":77,"caption":"Psychologenpraktijk POL"},"image":{"@id":"https:\/\/praktijkpol.nl\/#\/schema\/logo\/image\/"}}]}},"_links":{"self":[{"href":"https:\/\/praktijkpol.nl\/pl\/wp-json\/wp\/v2\/pages\/376","targetHints":{"allow":["GET"]}}],"collection":[{"href":"https:\/\/praktijkpol.nl\/pl\/wp-json\/wp\/v2\/pages"}],"about":[{"href":"https:\/\/praktijkpol.nl\/pl\/wp-json\/wp\/v2\/types\/page"}],"author":[{"embeddable":true,"href":"https:\/\/praktijkpol.nl\/pl\/wp-json\/wp\/v2\/users\/2"}],"replies":[{"embeddable":true,"href":"https:\/\/praktijkpol.nl\/pl\/wp-json\/wp\/v2\/comments?post=376"}],"version-history":[{"count":10,"href":"https:\/\/praktijkpol.nl\/pl\/wp-json\/wp\/v2\/pages\/376\/revisions"}],"predecessor-version":[{"id":1982,"href":"https:\/\/praktijkpol.nl\/pl\/wp-json\/wp\/v2\/pages\/376\/revisions\/1982"}],"wp:attachment":[{"href":"https:\/\/praktijkpol.nl\/pl\/wp-json\/wp\/v2\/media?parent=376"}],"curies":[{"name":"wp","href":"https:\/\/api.w.org\/{rel}","templated":true}]}}