{"id":33,"date":"2025-11-18T09:21:03","date_gmt":"2025-11-18T09:21:03","guid":{"rendered":"https:\/\/baselinkweb.nl\/pol\/?page_id=33"},"modified":"2026-01-06T10:02:14","modified_gmt":"2026-01-06T09:02:14","slug":"problemy-z-nastrojem","status":"publish","type":"page","link":"https:\/\/praktijkpol.nl\/pl\/behandelingen\/stemmingsproblemen\/","title":{"rendered":"Problemy z nastrojem"},"content":{"rendered":"<div data-elementor-type=\"wp-page\" data-elementor-id=\"33\" class=\"elementor elementor-33\" data-elementor-post-type=\"page\">\n\t\t\t\t<div class=\"elementor-element elementor-element-437b070 golf-d e-flex e-con-boxed e-con e-parent\" data-id=\"437b070\" data-element_type=\"container\" data-e-type=\"container\" data-settings=\"{&quot;background_background&quot;:&quot;video&quot;,&quot;background_video_link&quot;:&quot;https:\\\/\\\/praktijkpol.nl\\\/wp-content\\\/uploads\\\/2025\\\/11\\\/Video-main.webm&quot;,&quot;background_play_on_mobile&quot;:&quot;yes&quot;}\">\n\t\t\t\t\t<div class=\"e-con-inner\">\n\t\t<div class=\"elementor-background-video-container\">\n\t\t\t\t\t\t\t<video class=\"elementor-background-video-hosted\" role=\"presentation\" autoplay muted playsinline loop><\/video>\n\t\t\t\t\t<\/div>\t\t<div class=\"elementor-element elementor-element-c4b16c8 elementor-widget__width-initial elementor-widget elementor-widget-heading\" data-id=\"c4b16c8\" data-element_type=\"widget\" data-e-type=\"widget\" data-widget_type=\"heading.default\">\n\t\t\t\t\t<h1 class=\"elementor-heading-title elementor-size-default\">Problemy z nastrojem<\/h1>\t\t\t\t<\/div>\n\t\t\t\t\t<\/div>\n\t\t\t\t<\/div>\n\t\t<div class=\"elementor-element elementor-element-54b79d2 e-flex e-con-boxed e-con e-parent\" data-id=\"54b79d2\" data-element_type=\"container\" data-e-type=\"container\">\n\t\t\t\t\t<div class=\"e-con-inner\">\n\t\t<div class=\"elementor-element elementor-element-393860d e-con-full cta e-flex e-con e-child\" data-id=\"393860d\" data-element_type=\"container\" data-e-type=\"container\">\n\t\t<div class=\"elementor-element elementor-element-88d58fc e-con-full e-flex e-con e-child\" data-id=\"88d58fc\" data-element_type=\"container\" data-e-type=\"container\" data-settings=\"{&quot;background_background&quot;:&quot;classic&quot;}\">\n\t\t\t\t<div class=\"elementor-element elementor-element-266eb12 elementor-widget elementor-widget-text-editor\" data-id=\"266eb12\" data-element_type=\"widget\" data-e-type=\"widget\" data-widget_type=\"text-editor.default\">\n\t\t\t\t\t\t\t\t\t<h3 style=\"color: #006684;\">Brak czasu oczekiwania<\/h3><p>Potrzebujesz szybkiej pomocy w zakresie zdrowia psychicznego? Skontaktuj si\u0119 z Praktijk POL. Czas oczekiwania na wst\u0119pn\u0105 konsultacj\u0119 jest kr\u00f3tki.<\/p>\t\t\t\t\t\t\t\t<\/div>\n\t\t\t\t<div class=\"elementor-element elementor-element-588b91e elementor-icon-list--layout-inline elementor-list-item-link-full_width elementor-widget elementor-widget-icon-list\" data-id=\"588b91e\" data-element_type=\"widget\" data-e-type=\"widget\" data-widget_type=\"icon-list.default\">\n\t\t\t\t\t\t\t<ul class=\"elementor-icon-list-items elementor-inline-items\">\n\t\t\t\t\t\t\t<li class=\"elementor-icon-list-item elementor-inline-item\">\n\t\t\t\t\t\t\t\t\t\t\t<a href=\"mailto:info@praktijkpol.nl\">\n\n\t\t\t\t\t\t\t\t\t\t\t\t<span class=\"elementor-icon-list-icon\">\n\t\t\t\t\t\t\t<i aria-hidden=\"true\" class=\"icon icon-mail\"><\/i>\t\t\t\t\t\t<\/span>\n\t\t\t\t\t\t\t\t\t\t<span class=\"elementor-icon-list-text\">info@praktijkpol.nl<\/span>\n\t\t\t\t\t\t\t\t\t\t\t<\/a>\n\t\t\t\t\t\t\t\t\t<\/li>\n\t\t\t\t\t\t\t\t<li class=\"elementor-icon-list-item elementor-inline-item\">\n\t\t\t\t\t\t\t\t\t\t\t<a href=\"tel:%20+31614149870\">\n\n\t\t\t\t\t\t\t\t\t\t\t\t<span class=\"elementor-icon-list-icon\">\n\t\t\t\t\t\t\t<i aria-hidden=\"true\" class=\"icon icon-telefoon\"><\/i>\t\t\t\t\t\t<\/span>\n\t\t\t\t\t\t\t\t\t\t<span class=\"elementor-icon-list-text\">06 - 141 49 870<\/span>\n\t\t\t\t\t\t\t\t\t\t\t<\/a>\n\t\t\t\t\t\t\t\t\t<\/li>\n\t\t\t\t\t\t<\/ul>\n\t\t\t\t\t\t<\/div>\n\t\t\t\t<\/div>\n\t\t<div class=\"elementor-element elementor-element-17d7bad e-con-full elementor-hidden-mobile e-flex e-con e-child\" data-id=\"17d7bad\" data-element_type=\"container\" data-e-type=\"container\" data-settings=\"{&quot;background_background&quot;:&quot;classic&quot;}\">\n\t\t\t\t<div class=\"elementor-element elementor-element-824bc39 elementor-widget elementor-widget-text-editor\" data-id=\"824bc39\" data-element_type=\"widget\" data-e-type=\"widget\" data-widget_type=\"text-editor.default\">\n\t\t\t\t\t\t\t\t\t<h3>Kryzys<\/h3><p>Je\u015bli znajdujesz si\u0119 w sytuacji kryzysowej, natychmiast skontaktuj si\u0119 z lekarzem rodzinnym. Poza godzinami pracy mo\u017cna zadzwoni\u0107 do dy\u017curnego lekarza rodzinnego. W razie potrzeby mog\u0105 oni wezwa\u0107 s\u0142u\u017cby kryzysowe GGZ.<\/p>\t\t\t\t\t\t\t\t<\/div>\n\t\t\t\t<\/div>\n\t\t\t\t<\/div>\n\t\t\t\t\t<\/div>\n\t\t\t\t<\/div>\n\t\t<div class=\"elementor-element elementor-element-91b188a e-flex e-con-boxed e-con e-parent\" data-id=\"91b188a\" data-element_type=\"container\" data-e-type=\"container\">\n\t\t\t\t\t<div class=\"e-con-inner\">\n\t\t<div class=\"elementor-element elementor-element-19f6666 e-con-full e-flex e-con e-child\" data-id=\"19f6666\" data-element_type=\"container\" data-e-type=\"container\">\n\t\t\t\t<div class=\"elementor-element elementor-element-69fdbdc inhoud elementor-widget elementor-widget-text-editor\" data-id=\"69fdbdc\" data-element_type=\"widget\" data-e-type=\"widget\" data-widget_type=\"text-editor.default\">\n\t\t\t\t\t\t\t\t\t<p>Wahania nastroju lub uporczywe przygn\u0119bienie mog\u0105 mie\u0107 r\u00f3\u017cne przyczyny. Czasami jest to oczywiste negatywne wydarzenie, czasami nie wiesz dok\u0142adnie, dlaczego tak si\u0119 czujesz. Frustrujesz si\u0119 i chcesz odzyska\u0107 kontrol\u0119 nad swoim \u017cyciem.<\/p><h2>Rozpoznajesz to?<\/h2><ul><li>Czujesz si\u0119 ponuro<\/li><li>Nie czerpiesz przyjemno\u015bci z rzeczy, kt\u00f3re kiedy\u015b sprawia\u0142y ci rado\u015b\u0107<\/li><li>Masz ma\u0142o energii<\/li><li>Do\u015bwiadczasz silnych emocji (\u0142atwo p\u0142aczesz, \u0142atwo wpadasz w z\u0142o\u015b\u0107 lub niepok\u00f3j).\u00a0<\/li><li>Bardzo si\u0119 martwisz<\/li><li>Chcesz jak najszybciej wr\u00f3ci\u0107 do dawnej - lub lepszej - wersji siebie\u00a0<\/li><\/ul>\t\t\t\t\t\t\t\t<\/div>\n\t\t\t\t<div class=\"elementor-element elementor-element-2a5bd4b elementor-widget elementor-widget-text-editor\" data-id=\"2a5bd4b\" data-element_type=\"widget\" data-e-type=\"widget\" data-widget_type=\"text-editor.default\">\n\t\t\t\t\t\t\t\t\t<h3>Podej\u015bcie<\/h3>\nWsp\u00f3lnie analizujemy g\u0142\u00f3wne czynniki wp\u0142ywaj\u0105ce na depresyjny nastr\u00f3j. Omawiamy wszystkie Twoje negatywne my\u015bli i uczucia. Krok po kroku pracujemy nad uzyskaniem wi\u0119kszej przejrzysto\u015bci i lepszej struktury my\u015blenia. Rozmawiamy o bie\u017c\u0105cych trudno\u015bciach i \u017cyciowych blokadach. Tworzy to przestrze\u0144, aby\u015b m\u00f3g\u0142 ponownie poczu\u0107 si\u0119 szcz\u0119\u015bliwszy i bardziej odporny na problemy prowadz\u0105ce do depresji.\t\t\t\t\t\t\t\t<\/div>\n\t\t\t\t<div class=\"elementor-element elementor-element-8172f98 elementor-widget elementor-widget-heading\" data-id=\"8172f98\" data-element_type=\"widget\" data-e-type=\"widget\" data-widget_type=\"heading.default\">\n\t\t\t\t\t<h2 class=\"elementor-heading-title elementor-size-default\">Stawki (od 1 stycznia 2026 r.)<\/h2>\t\t\t\t<\/div>\n\t\t<div class=\"elementor-element elementor-element-d82340e e-con-full tarieven-wrapper e-flex e-con e-child\" data-id=\"d82340e\" data-element_type=\"container\" data-e-type=\"container\">\n\t\t\t\t<div class=\"elementor-element elementor-element-a271cbf elementor-widget elementor-widget-text-editor\" data-id=\"a271cbf\" data-element_type=\"widget\" data-e-type=\"widget\" data-widget_type=\"text-editor.default\">\n\t\t\t\t\t\t\t\t\t<table class=\"tarieven\"><tbody><tr><td><strong>Indywidualna konsultacja (60 minut)<\/strong><\/td><td><strong>110 \u20ac (z VAT)<\/strong><\/td><\/tr><tr><td>Terapia relacji (60 minut)<\/td><td>140 \u20ac (bez VAT)<\/td><\/tr><tr><td>Konsultacje biznesowe (60 minut)<\/td><td>150 \u20ac (bez VAT)<\/td><\/tr><tr><td><p>Dla firm<\/p><p><a class=\"elementor-button elementor-button-text\" href=\"https:\/\/praktijkpol.nl\/pl\/firmy\/#offerte\">Popro\u015b o wycen\u0119<\/a><\/p><\/td><td>Cena do negocjacji<\/td><\/tr><\/tbody><\/table>\t\t\t\t\t\t\t\t<\/div>\n\t\t\t\t<\/div>\n\t\t\t\t<div class=\"elementor-element elementor-element-cbe8ad6 elementor-widget elementor-widget-text-editor\" data-id=\"cbe8ad6\" data-element_type=\"widget\" data-e-type=\"widget\" data-widget_type=\"text-editor.default\">\n\t\t\t\t\t\t\t\t\t<span class=\"disclaimer\">Og\u00f3lne warunki maj\u0105 zastosowanie do pe\u0142nego zakresu pomocy. Stawki te s\u0105 celowo ni\u017csze ni\u017c stawka NZA (177,89 EUR), aby zapewni\u0107 dost\u0119pno\u015b\u0107 opieki.<\/span>\t\t\t\t\t\t\t\t<\/div>\n\t\t\t\t<\/div>\n\t\t<div class=\"elementor-element elementor-element-5a03586 e-con-full e-flex e-con e-child\" data-id=\"5a03586\" data-element_type=\"container\" data-e-type=\"container\">\n\t\t\t\t<div class=\"elementor-element elementor-element-b88d3e5 inhoud elementor-widget elementor-widget-text-editor\" data-id=\"b88d3e5\" data-element_type=\"widget\" data-e-type=\"widget\" data-widget_type=\"text-editor.default\">\n\t\t\t\t\t\t\t\t\t<h2 style=\"color: #006684;\">Wi\u0119cej zabieg\u00f3w<\/h2>\n<nav class=\"navmenu\">\n<ul>\n<li><a href=\"https:\/\/praktijkpol.nl\/pl\/zabiegi\/problemy-z-adhd\/\">Problemy z ADHD<\/a><\/li>\n<li><a href=\"https:\/\/praktijkpol.nl\/pl\/zabiegi\/coaching\/\">Coaching<\/a><\/li>\n<li><a href=\"https:\/\/praktijkpol.nl\/pl\/zabiegi\/panika-i-niepokoj\/\">Panika in niepok\u00f3j<\/a><\/li>\n<li><a href=\"https:\/\/praktijkpol.nl\/pl\/zabiegi\/problemy-w-zwiazkach\/\">Terapia par<\/a><\/li>\n<li><a href=\"https:\/\/praktijkpol.nl\/pl\/zabiegi\/problemy-zwiazane-z-praca\/\">Problemy zwi\u0105zane z prac\u0105<\/a><\/li>\n<li><a href=\"https:\/\/praktijkpol.nl\/pl\/zabiegi\/obraz-siebie-i-pewnosc-siebie\/\">Wizerunek w\u0142asny i pewno\u015b\u0107 siebie<\/a><\/li>\n<\/ul>\n<\/nav>\t\t\t\t\t\t\t\t<\/div>\n\t\t<div class=\"elementor-element elementor-element-ef342e1 e-con-full cta e-flex e-con e-child\" data-id=\"ef342e1\" data-element_type=\"container\" data-e-type=\"container\" data-settings=\"{&quot;background_background&quot;:&quot;classic&quot;}\">\n\t\t\t\t<div class=\"elementor-element elementor-element-c574ef2 elementor-widget elementor-widget-text-editor\" data-id=\"c574ef2\" data-element_type=\"widget\" data-e-type=\"widget\" data-widget_type=\"text-editor.default\">\n\t\t\t\t\t\t\t\t\t<h2>Skontaktuj si\u0119 z nami bez zobowi\u0105za\u0144<\/h2><p>Masz w\u0105tpliwo\u015bci, czy mo\u017cemy co\u015b dla Ciebie zrobi\u0107? Zapraszamy do kontaktu z nami, wsp\u00f3lnie sprawdzimy mo\u017cliwo\u015bci.<\/p>\t\t\t\t\t\t\t\t<\/div>\n\t\t\t\t<div class=\"elementor-element elementor-element-d2802ff elementor-icon-list--layout-inline elementor-list-item-link-full_width elementor-widget elementor-widget-icon-list\" data-id=\"d2802ff\" data-element_type=\"widget\" data-e-type=\"widget\" data-widget_type=\"icon-list.default\">\n\t\t\t\t\t\t\t<ul class=\"elementor-icon-list-items elementor-inline-items\">\n\t\t\t\t\t\t\t<li class=\"elementor-icon-list-item elementor-inline-item\">\n\t\t\t\t\t\t\t\t\t\t\t<a href=\"mailto:info@praktijkpol.nl\">\n\n\t\t\t\t\t\t\t\t\t\t\t\t<span class=\"elementor-icon-list-icon\">\n\t\t\t\t\t\t\t<i aria-hidden=\"true\" class=\"icon icon-mail\"><\/i>\t\t\t\t\t\t<\/span>\n\t\t\t\t\t\t\t\t\t\t<span class=\"elementor-icon-list-text\">info@praktijkpol.nl<\/span>\n\t\t\t\t\t\t\t\t\t\t\t<\/a>\n\t\t\t\t\t\t\t\t\t<\/li>\n\t\t\t\t\t\t\t\t<li class=\"elementor-icon-list-item elementor-inline-item\">\n\t\t\t\t\t\t\t\t\t\t\t<a href=\"tel:%20+31614149870\">\n\n\t\t\t\t\t\t\t\t\t\t\t\t<span class=\"elementor-icon-list-icon\">\n\t\t\t\t\t\t\t<i aria-hidden=\"true\" class=\"icon icon-telefoon\"><\/i>\t\t\t\t\t\t<\/span>\n\t\t\t\t\t\t\t\t\t\t<span class=\"elementor-icon-list-text\">06 - 141 49 870<\/span>\n\t\t\t\t\t\t\t\t\t\t\t<\/a>\n\t\t\t\t\t\t\t\t\t<\/li>\n\t\t\t\t\t\t<\/ul>\n\t\t\t\t\t\t<\/div>\n\t\t\t\t<div class=\"elementor-element elementor-element-94eda70 elementor-widget elementor-widget-button\" data-id=\"94eda70\" data-element_type=\"widget\" data-e-type=\"widget\" data-widget_type=\"button.default\">\n\t\t\t\t\t\t\t\t\t\t<a class=\"elementor-button elementor-button-link elementor-size-sm\" href=\"https:\/\/praktijkpol.nl\/pl\/contact\/\">\n\t\t\t\t\t\t<span class=\"elementor-button-content-wrapper\">\n\t\t\t\t\t\t\t\t\t<span class=\"elementor-button-text\">Kontakt<\/span>\n\t\t\t\t\t<\/span>\n\t\t\t\t\t<\/a>\n\t\t\t\t\t\t\t\t<\/div>\n\t\t\t\t<\/div>\n\t\t\t\t<\/div>\n\t\t\t\t\t<\/div>\n\t\t\t\t<\/div>\n\t\t\t\t<\/div>","protected":false},"excerpt":{"rendered":"<p>Stemmings-problemen Geen wachttijden Wilt u snel hulp bij psychische klachten? Neem contact op met Praktijk POL. De wachttijd voor een eerste gesprek is kort. info@praktijkpol.nl 06 &#8211; 141 49 870 Crisis Bent u in crisis, neem dan direct contact op met uw huisarts. Buiten kantoortijden kunt u de huisartsenpost bellen. Zij kunnen zo nodig de [&hellip;]<\/p>\n","protected":false},"author":2,"featured_media":0,"parent":23,"menu_order":0,"comment_status":"closed","ping_status":"closed","template":"","meta":{"footnotes":""},"class_list":["post-33","page","type-page","status-publish","hentry"],"yoast_head":"<!-- This site is optimized with the Yoast SEO plugin v27.4 - https:\/\/yoast.com\/product\/yoast-seo-wordpress\/ -->\n<title>Stemmingsproblemen - Praktijk Pol<\/title>\n<meta name=\"robots\" content=\"index, follow, max-snippet:-1, max-image-preview:large, max-video-preview:-1\" \/>\n<link rel=\"canonical\" href=\"https:\/\/praktijkpol.nl\/pl\/zabiegi\/problemy-z-nastrojem\/\" \/>\n<meta property=\"og:locale\" content=\"pl_PL\" \/>\n<meta property=\"og:type\" content=\"article\" \/>\n<meta property=\"og:title\" content=\"Stemmingsproblemen - Praktijk Pol\" \/>\n<meta property=\"og:description\" content=\"Stemmings-problemen Geen wachttijden Wilt u snel hulp bij psychische klachten? Neem contact op met Praktijk POL. De wachttijd voor een eerste gesprek is kort. info@praktijkpol.nl 06 &#8211; 141 49 870 Crisis Bent u in crisis, neem dan direct contact op met uw huisarts. Buiten kantoortijden kunt u de huisartsenpost bellen. Zij kunnen zo nodig de [&hellip;]\" \/>\n<meta property=\"og:url\" content=\"https:\/\/praktijkpol.nl\/pl\/zabiegi\/problemy-z-nastrojem\/\" \/>\n<meta property=\"og:site_name\" content=\"Praktijk Pol\" \/>\n<meta property=\"article:modified_time\" content=\"2026-01-06T09:02:14+00:00\" \/>\n<meta name=\"twitter:card\" content=\"summary_large_image\" \/>\n<meta name=\"twitter:label1\" content=\"Szacowany czas czytania\" \/>\n\t<meta name=\"twitter:data1\" content=\"2 minuty\" \/>\n<script type=\"application\/ld+json\" class=\"yoast-schema-graph\">{\"@context\":\"https:\\\/\\\/schema.org\",\"@graph\":[{\"@type\":\"WebPage\",\"@id\":\"https:\\\/\\\/praktijkpol.nl\\\/behandelingen\\\/stemmingsproblemen\\\/\",\"url\":\"https:\\\/\\\/praktijkpol.nl\\\/behandelingen\\\/stemmingsproblemen\\\/\",\"name\":\"Stemmingsproblemen - Praktijk Pol\",\"isPartOf\":{\"@id\":\"https:\\\/\\\/praktijkpol.nl\\\/#website\"},\"datePublished\":\"2025-11-18T09:21:03+00:00\",\"dateModified\":\"2026-01-06T09:02:14+00:00\",\"breadcrumb\":{\"@id\":\"https:\\\/\\\/praktijkpol.nl\\\/behandelingen\\\/stemmingsproblemen\\\/#breadcrumb\"},\"inLanguage\":\"pl-PL\",\"potentialAction\":[{\"@type\":\"ReadAction\",\"target\":[\"https:\\\/\\\/praktijkpol.nl\\\/behandelingen\\\/stemmingsproblemen\\\/\"]}]},{\"@type\":\"BreadcrumbList\",\"@id\":\"https:\\\/\\\/praktijkpol.nl\\\/behandelingen\\\/stemmingsproblemen\\\/#breadcrumb\",\"itemListElement\":[{\"@type\":\"ListItem\",\"position\":1,\"name\":\"Home\",\"item\":\"https:\\\/\\\/praktijkpol.nl\\\/\"},{\"@type\":\"ListItem\",\"position\":2,\"name\":\"Behandelingen\",\"item\":\"https:\\\/\\\/praktijkpol.nl\\\/behandelingen\\\/\"},{\"@type\":\"ListItem\",\"position\":3,\"name\":\"Stemmingsproblemen\"}]},{\"@type\":\"WebSite\",\"@id\":\"https:\\\/\\\/praktijkpol.nl\\\/#website\",\"url\":\"https:\\\/\\\/praktijkpol.nl\\\/\",\"name\":\"Praktijk POL\",\"description\":\"\",\"publisher\":{\"@id\":\"https:\\\/\\\/praktijkpol.nl\\\/#organization\"},\"potentialAction\":[{\"@type\":\"SearchAction\",\"target\":{\"@type\":\"EntryPoint\",\"urlTemplate\":\"https:\\\/\\\/praktijkpol.nl\\\/?s={search_term_string}\"},\"query-input\":{\"@type\":\"PropertyValueSpecification\",\"valueRequired\":true,\"valueName\":\"search_term_string\"}}],\"inLanguage\":\"pl-PL\"},{\"@type\":\"Organization\",\"@id\":\"https:\\\/\\\/praktijkpol.nl\\\/#organization\",\"name\":\"Psychologenpraktijk POL\",\"url\":\"https:\\\/\\\/praktijkpol.nl\\\/\",\"logo\":{\"@type\":\"ImageObject\",\"inLanguage\":\"pl-PL\",\"@id\":\"https:\\\/\\\/praktijkpol.nl\\\/#\\\/schema\\\/logo\\\/image\\\/\",\"url\":\"https:\\\/\\\/praktijkpol.nl\\\/wp-content\\\/uploads\\\/2025\\\/11\\\/Pscyhologenpraktijk-Pol-logo.png\",\"contentUrl\":\"https:\\\/\\\/praktijkpol.nl\\\/wp-content\\\/uploads\\\/2025\\\/11\\\/Pscyhologenpraktijk-Pol-logo.png\",\"width\":328,\"height\":77,\"caption\":\"Psychologenpraktijk POL\"},\"image\":{\"@id\":\"https:\\\/\\\/praktijkpol.nl\\\/#\\\/schema\\\/logo\\\/image\\\/\"}}]}<\/script>\n<!-- \/ Yoast SEO plugin. -->","yoast_head_json":{"title":"Problemy z nastrojem - Practice Pol","robots":{"index":"index","follow":"follow","max-snippet":"max-snippet:-1","max-image-preview":"max-image-preview:large","max-video-preview":"max-video-preview:-1"},"canonical":"https:\/\/praktijkpol.nl\/pl\/zabiegi\/problemy-z-nastrojem\/","og_locale":"pl_PL","og_type":"article","og_title":"Stemmingsproblemen - Praktijk Pol","og_description":"Stemmings-problemen Geen wachttijden Wilt u snel hulp bij psychische klachten? Neem contact op met Praktijk POL. De wachttijd voor een eerste gesprek is kort. info@praktijkpol.nl 06 &#8211; 141 49 870 Crisis Bent u in crisis, neem dan direct contact op met uw huisarts. Buiten kantoortijden kunt u de huisartsenpost bellen. Zij kunnen zo nodig de [&hellip;]","og_url":"https:\/\/praktijkpol.nl\/pl\/zabiegi\/problemy-z-nastrojem\/","og_site_name":"Praktijk Pol","article_modified_time":"2026-01-06T09:02:14+00:00","twitter_card":"summary_large_image","twitter_misc":{"Szacowany czas czytania":"2 minuty"},"schema":{"@context":"https:\/\/schema.org","@graph":[{"@type":"WebPage","@id":"https:\/\/praktijkpol.nl\/behandelingen\/stemmingsproblemen\/","url":"https:\/\/praktijkpol.nl\/behandelingen\/stemmingsproblemen\/","name":"Problemy z nastrojem - Practice Pol","isPartOf":{"@id":"https:\/\/praktijkpol.nl\/#website"},"datePublished":"2025-11-18T09:21:03+00:00","dateModified":"2026-01-06T09:02:14+00:00","breadcrumb":{"@id":"https:\/\/praktijkpol.nl\/behandelingen\/stemmingsproblemen\/#breadcrumb"},"inLanguage":"pl-PL","potentialAction":[{"@type":"ReadAction","target":["https:\/\/praktijkpol.nl\/behandelingen\/stemmingsproblemen\/"]}]},{"@type":"BreadcrumbList","@id":"https:\/\/praktijkpol.nl\/behandelingen\/stemmingsproblemen\/#breadcrumb","itemListElement":[{"@type":"ListItem","position":1,"name":"Home","item":"https:\/\/praktijkpol.nl\/"},{"@type":"ListItem","position":2,"name":"Behandelingen","item":"https:\/\/praktijkpol.nl\/behandelingen\/"},{"@type":"ListItem","position":3,"name":"Stemmingsproblemen"}]},{"@type":"WebSite","@id":"https:\/\/praktijkpol.nl\/#website","url":"https:\/\/praktijkpol.nl\/","name":"Praktyka POL","description":"","publisher":{"@id":"https:\/\/praktijkpol.nl\/#organization"},"potentialAction":[{"@type":"SearchAction","target":{"@type":"EntryPoint","urlTemplate":"https:\/\/praktijkpol.nl\/?s={search_term_string}"},"query-input":{"@type":"PropertyValueSpecification","valueRequired":true,"valueName":"search_term_string"}}],"inLanguage":"pl-PL"},{"@type":"Organization","@id":"https:\/\/praktijkpol.nl\/#organization","name":"Praktyka psychologii POL","url":"https:\/\/praktijkpol.nl\/","logo":{"@type":"ImageObject","inLanguage":"pl-PL","@id":"https:\/\/praktijkpol.nl\/#\/schema\/logo\/image\/","url":"https:\/\/praktijkpol.nl\/wp-content\/uploads\/2025\/11\/Pscyhologenpraktijk-Pol-logo.png","contentUrl":"https:\/\/praktijkpol.nl\/wp-content\/uploads\/2025\/11\/Pscyhologenpraktijk-Pol-logo.png","width":328,"height":77,"caption":"Psychologenpraktijk POL"},"image":{"@id":"https:\/\/praktijkpol.nl\/#\/schema\/logo\/image\/"}}]}},"_links":{"self":[{"href":"https:\/\/praktijkpol.nl\/pl\/wp-json\/wp\/v2\/pages\/33","targetHints":{"allow":["GET"]}}],"collection":[{"href":"https:\/\/praktijkpol.nl\/pl\/wp-json\/wp\/v2\/pages"}],"about":[{"href":"https:\/\/praktijkpol.nl\/pl\/wp-json\/wp\/v2\/types\/page"}],"author":[{"embeddable":true,"href":"https:\/\/praktijkpol.nl\/pl\/wp-json\/wp\/v2\/users\/2"}],"replies":[{"embeddable":true,"href":"https:\/\/praktijkpol.nl\/pl\/wp-json\/wp\/v2\/comments?post=33"}],"version-history":[{"count":22,"href":"https:\/\/praktijkpol.nl\/pl\/wp-json\/wp\/v2\/pages\/33\/revisions"}],"predecessor-version":[{"id":1993,"href":"https:\/\/praktijkpol.nl\/pl\/wp-json\/wp\/v2\/pages\/33\/revisions\/1993"}],"up":[{"embeddable":true,"href":"https:\/\/praktijkpol.nl\/pl\/wp-json\/wp\/v2\/pages\/23"}],"wp:attachment":[{"href":"https:\/\/praktijkpol.nl\/pl\/wp-json\/wp\/v2\/media?parent=33"}],"curies":[{"name":"wp","href":"https:\/\/api.w.org\/{rel}","templated":true}]}}