{"id":27,"date":"2025-11-18T08:53:06","date_gmt":"2025-11-18T08:53:06","guid":{"rendered":"https:\/\/baselinkweb.nl\/pol\/?page_id=27"},"modified":"2026-01-02T11:04:46","modified_gmt":"2026-01-02T10:04:46","slug":"metoda-pracy","status":"publish","type":"page","link":"https:\/\/praktijkpol.nl\/pl\/werkwijze\/","title":{"rendered":"Metody pracy"},"content":{"rendered":"<div data-elementor-type=\"wp-page\" data-elementor-id=\"27\" class=\"elementor elementor-27\" data-elementor-post-type=\"page\">\n\t\t\t\t<div class=\"elementor-element elementor-element-d64d2df golf-d e-flex e-con-boxed e-con e-parent\" data-id=\"d64d2df\" data-element_type=\"container\" data-e-type=\"container\" data-settings=\"{&quot;background_background&quot;:&quot;video&quot;,&quot;background_video_link&quot;:&quot;https:\\\/\\\/praktijkpol.nl\\\/wp-content\\\/uploads\\\/2025\\\/11\\\/Video-main.webm&quot;,&quot;background_play_on_mobile&quot;:&quot;yes&quot;}\">\n\t\t\t\t\t<div class=\"e-con-inner\">\n\t\t<div class=\"elementor-background-video-container\">\n\t\t\t\t\t\t\t<video class=\"elementor-background-video-hosted\" role=\"presentation\" autoplay muted playsinline loop><\/video>\n\t\t\t\t\t<\/div>\t\t<div class=\"elementor-element elementor-element-2ad1d3f elementor-widget elementor-widget-heading\" data-id=\"2ad1d3f\" data-element_type=\"widget\" data-e-type=\"widget\" data-widget_type=\"heading.default\">\n\t\t\t\t\t<h1 class=\"elementor-heading-title elementor-size-default\">Metody pracy<\/h1>\t\t\t\t<\/div>\n\t\t\t\t\t<\/div>\n\t\t\t\t<\/div>\n\t\t<div class=\"elementor-element elementor-element-98d5e82 e-flex e-con-boxed e-con e-parent\" data-id=\"98d5e82\" data-element_type=\"container\" data-e-type=\"container\">\n\t\t\t\t\t<div class=\"e-con-inner\">\n\t\t<div class=\"elementor-element elementor-element-669ce0e e-con-full cta e-flex e-con e-child\" data-id=\"669ce0e\" data-element_type=\"container\" data-e-type=\"container\">\n\t\t<div class=\"elementor-element elementor-element-7540811 e-con-full e-flex e-con e-child\" data-id=\"7540811\" data-element_type=\"container\" data-e-type=\"container\" data-settings=\"{&quot;background_background&quot;:&quot;classic&quot;}\">\n\t\t\t\t<div class=\"elementor-element elementor-element-9040dd0 elementor-widget elementor-widget-text-editor\" data-id=\"9040dd0\" data-element_type=\"widget\" data-e-type=\"widget\" data-widget_type=\"text-editor.default\">\n\t\t\t\t\t\t\t\t\t<h3 style=\"color: #006684;\">Brak czasu oczekiwania<\/h3><p>Potrzebujesz szybkiej pomocy w zakresie zdrowia psychicznego? Skontaktuj si\u0119 z Praktijk POL. Czas oczekiwania na wst\u0119pn\u0105 konsultacj\u0119 jest kr\u00f3tki.<\/p>\t\t\t\t\t\t\t\t<\/div>\n\t\t\t\t<div class=\"elementor-element elementor-element-3df41bb elementor-icon-list--layout-inline elementor-list-item-link-full_width elementor-widget elementor-widget-icon-list\" data-id=\"3df41bb\" data-element_type=\"widget\" data-e-type=\"widget\" data-widget_type=\"icon-list.default\">\n\t\t\t\t\t\t\t<ul class=\"elementor-icon-list-items elementor-inline-items\">\n\t\t\t\t\t\t\t<li class=\"elementor-icon-list-item elementor-inline-item\">\n\t\t\t\t\t\t\t\t\t\t\t<a href=\"mailto:info@praktijkpol.nl\">\n\n\t\t\t\t\t\t\t\t\t\t\t\t<span class=\"elementor-icon-list-icon\">\n\t\t\t\t\t\t\t<i aria-hidden=\"true\" class=\"icon icon-mail\"><\/i>\t\t\t\t\t\t<\/span>\n\t\t\t\t\t\t\t\t\t\t<span class=\"elementor-icon-list-text\">info@praktijkpol.nl<\/span>\n\t\t\t\t\t\t\t\t\t\t\t<\/a>\n\t\t\t\t\t\t\t\t\t<\/li>\n\t\t\t\t\t\t\t\t<li class=\"elementor-icon-list-item elementor-inline-item\">\n\t\t\t\t\t\t\t\t\t\t\t<a href=\"tel:%20+31614149870\">\n\n\t\t\t\t\t\t\t\t\t\t\t\t<span class=\"elementor-icon-list-icon\">\n\t\t\t\t\t\t\t<i aria-hidden=\"true\" class=\"icon icon-telefoon\"><\/i>\t\t\t\t\t\t<\/span>\n\t\t\t\t\t\t\t\t\t\t<span class=\"elementor-icon-list-text\">06 - 141 49 870<\/span>\n\t\t\t\t\t\t\t\t\t\t\t<\/a>\n\t\t\t\t\t\t\t\t\t<\/li>\n\t\t\t\t\t\t<\/ul>\n\t\t\t\t\t\t<\/div>\n\t\t\t\t<\/div>\n\t\t<div class=\"elementor-element elementor-element-5e63cbe e-con-full elementor-hidden-mobile e-flex e-con e-child\" data-id=\"5e63cbe\" data-element_type=\"container\" data-e-type=\"container\" data-settings=\"{&quot;background_background&quot;:&quot;classic&quot;}\">\n\t\t\t\t<div class=\"elementor-element elementor-element-1d6094f elementor-widget elementor-widget-text-editor\" data-id=\"1d6094f\" data-element_type=\"widget\" data-e-type=\"widget\" data-widget_type=\"text-editor.default\">\n\t\t\t\t\t\t\t\t\t<h3>Kryzys<\/h3><p>Je\u015bli znajdujesz si\u0119 w sytuacji kryzysowej, natychmiast skontaktuj si\u0119 z lekarzem rodzinnym. Poza godzinami pracy mo\u017cna zadzwoni\u0107 do dy\u017curnego lekarza rodzinnego. W razie potrzeby mog\u0105 oni wezwa\u0107 s\u0142u\u017cby kryzysowe GGZ.<\/p>\t\t\t\t\t\t\t\t<\/div>\n\t\t\t\t<\/div>\n\t\t\t\t<\/div>\n\t\t\t\t\t<\/div>\n\t\t\t\t<\/div>\n\t\t<div class=\"elementor-element elementor-element-81f09ba e-flex e-con-boxed e-con e-parent\" data-id=\"81f09ba\" data-element_type=\"container\" data-e-type=\"container\">\n\t\t\t\t\t<div class=\"e-con-inner\">\n\t\t<div class=\"elementor-element elementor-element-e36d88d e-con-full e-flex e-con e-child\" data-id=\"e36d88d\" data-element_type=\"container\" data-e-type=\"container\">\n\t\t\t\t<div class=\"elementor-element elementor-element-890315d inhoud elementor-widget elementor-widget-text-editor\" data-id=\"890315d\" data-element_type=\"widget\" data-e-type=\"widget\" data-widget_type=\"text-editor.default\">\n\t\t\t\t\t\t\t\t\t<p>W mojej praktyce stosuje wy\u0142\u0105cznie metody o udowodnionej naukowo skuteczno\u015bci (evidence-based practice). Kazda terapia kt\u00f3r\u0105 prowadze opiera si\u0119 na sprawdzonych technikach takich jak psychoterapia poznawczo-behawioralna (CBT) i terapia akceptacji i zaanga\u017cowania (ACT). W przypadku pracy z traum\u0105 korzystamy z protoko\u0142u terapii EMDR. Oferuje specjalistyczne sesje EMDR dla os\u00f3b potrzebuj\u0105cych wsparcia w tym zakresie.<\/p>\t\t\t\t\t\t\t\t<\/div>\n\t\t\t\t<div class=\"elementor-element elementor-element-2004363 werkwijze elementor-widget elementor-widget-n-accordion\" data-id=\"2004363\" data-element_type=\"widget\" data-e-type=\"widget\" data-settings=\"{&quot;default_state&quot;:&quot;expanded&quot;,&quot;max_items_expended&quot;:&quot;one&quot;,&quot;n_accordion_animation_duration&quot;:{&quot;unit&quot;:&quot;ms&quot;,&quot;size&quot;:400,&quot;sizes&quot;:[]}}\" data-widget_type=\"nested-accordion.default\">\n\t\t\t\t\t\t\t<div class=\"e-n-accordion\" aria-label=\"Akordeon. Otwieranie \u0142\u0105czy za pomoc\u0105 klawisza Enter lub spacji, zamykanie za pomoc\u0105 klawisza Escape i nawigacja za pomoc\u0105 klawiszy strza\u0142ek\">\n\t\t\t\t\t\t<details id=\"e-n-accordion-item-3350\" class=\"e-n-accordion-item\" open>\n\t\t\t\t<summary class=\"e-n-accordion-item-title\" data-accordion-index=\"1\" tabindex=\"0\" aria-expanded=\"true\" aria-controls=\"e-n-accordion-item-3350\" >\n\t\t\t\t\t<span class='e-n-accordion-item-title-header'><h3 class=\"e-n-accordion-item-title-text\"> <span class=\"cijfer\">1<\/span> Zastosowanie <\/h3><\/span>\n\t\t\t\t\t\t\t<span class='e-n-accordion-item-title-icon'>\n\t\t\t<span class='e-opened' ><i aria-hidden=\"true\" class=\"icon icon-min\"><\/i><\/span>\n\t\t\t<span class='e-closed'><i aria-hidden=\"true\" class=\"icon icon-plus\"><\/i><\/span>\n\t\t<\/span>\n\n\t\t\t\t\t\t<\/summary>\n\t\t\t\t<div role=\"region\" aria-labelledby=\"e-n-accordion-item-3350\" class=\"elementor-element elementor-element-14a3b4c e-con-full e-flex e-con e-child\" data-id=\"14a3b4c\" data-element_type=\"container\" data-e-type=\"container\">\n\t\t\t\t<div class=\"elementor-element elementor-element-fe04028 elementor-widget elementor-widget-text-editor\" data-id=\"fe04028\" data-element_type=\"widget\" data-e-type=\"widget\" data-widget_type=\"text-editor.default\">\n\t\t\t\t\t\t\t\t\t<p>Mozesz skontaktowa\u0107 si\u0119 ze mn\u0105 bez skierowania od lekarza pisz\u0105c na <a href=\"mailto:info@praktijkpol.nl\">info@praktijkpol.nl<\/a> W ciagu trzech dni roboczych skontaktuje si\u0119 z Tob\u0105 w celu przeprowadzenia bezp\u0142atnej rozmowy telefonicznej trwaj\u0105cej oko\u0142o 15 minut.<\/p><p>Nast\u0119pnie wsp\u00f3lnie zaplanujemy konsultacje.\nNale\u017cy pami\u0119ta\u0107, ze problemy uzale\u017cnie\u0144, my\u015bli samob\u00f3jcze i z\u0142o\u017cone problemy osobowo\u015bci (takie jak bordeline) nie s\u0105 leczone w mojej praktyce.<\/p>\t\t\t\t\t\t\t\t<\/div>\n\t\t\t\t<\/div>\n\t\t\t\t\t<\/details>\n\t\t\t\t\t\t<details id=\"e-n-accordion-item-3351\" class=\"e-n-accordion-item\" >\n\t\t\t\t<summary class=\"e-n-accordion-item-title\" data-accordion-index=\"2\" tabindex=\"-1\" aria-expanded=\"false\" aria-controls=\"e-n-accordion-item-3351\" >\n\t\t\t\t\t<span class='e-n-accordion-item-title-header'><h3 class=\"e-n-accordion-item-title-text\"> <span class=\"cijfer\">2<\/span> Pob\u00f3r <\/h3><\/span>\n\t\t\t\t\t\t\t<span class='e-n-accordion-item-title-icon'>\n\t\t\t<span class='e-opened' ><i aria-hidden=\"true\" class=\"icon icon-min\"><\/i><\/span>\n\t\t\t<span class='e-closed'><i aria-hidden=\"true\" class=\"icon icon-plus\"><\/i><\/span>\n\t\t<\/span>\n\n\t\t\t\t\t\t<\/summary>\n\t\t\t\t<div role=\"region\" aria-labelledby=\"e-n-accordion-item-3351\" class=\"elementor-element elementor-element-13c3f64 e-con-full e-flex e-con e-child\" data-id=\"13c3f64\" data-element_type=\"container\" data-e-type=\"container\">\n\t\t\t\t<div class=\"elementor-element elementor-element-021b0d7 elementor-widget elementor-widget-text-editor\" data-id=\"021b0d7\" data-element_type=\"widget\" data-e-type=\"widget\" data-widget_type=\"text-editor.default\">\n\t\t\t\t\t\t\t\t\t<p>Podczas przyj\u0119cia zapoznajemy si\u0119, omawiamy pro\u015bb\u0119 o pomoc i identyfikujemy problemy. W razie potrzeby przeprowadzamy diagnostyk\u0119, aby lepiej zrozumie\u0107 objawy. Wsp\u00f3lnie opracowujemy plan leczenia, kt\u00f3ry s\u0142u\u017cy jako wytyczne dla kolejnych wizyt.<\/p>\t\t\t\t\t\t\t\t<\/div>\n\t\t\t\t<\/div>\n\t\t\t\t\t<\/details>\n\t\t\t\t\t\t<details id=\"e-n-accordion-item-3352\" class=\"e-n-accordion-item\" >\n\t\t\t\t<summary class=\"e-n-accordion-item-title\" data-accordion-index=\"3\" tabindex=\"-1\" aria-expanded=\"false\" aria-controls=\"e-n-accordion-item-3352\" >\n\t\t\t\t\t<span class='e-n-accordion-item-title-header'><h3 class=\"e-n-accordion-item-title-text\"> <span class=\"cijfer\">3<\/span> Leczenie <\/h3><\/span>\n\t\t\t\t\t\t\t<span class='e-n-accordion-item-title-icon'>\n\t\t\t<span class='e-opened' ><i aria-hidden=\"true\" class=\"icon icon-min\"><\/i><\/span>\n\t\t\t<span class='e-closed'><i aria-hidden=\"true\" class=\"icon icon-plus\"><\/i><\/span>\n\t\t<\/span>\n\n\t\t\t\t\t\t<\/summary>\n\t\t\t\t<div role=\"region\" aria-labelledby=\"e-n-accordion-item-3352\" class=\"elementor-element elementor-element-0ece2c1 e-con-full e-flex e-con e-child\" data-id=\"0ece2c1\" data-element_type=\"container\" data-e-type=\"container\">\n\t\t\t\t<div class=\"elementor-element elementor-element-9ceabe5 elementor-widget elementor-widget-text-editor\" data-id=\"9ceabe5\" data-element_type=\"widget\" data-e-type=\"widget\" data-widget_type=\"text-editor.default\">\n\t\t\t\t\t\t\t\t\t<p>Psycholog Practice Pol pracuje metodami opartymi na dowodach, w tym terapi\u0105 poznawczo-behawioraln\u0105 (CBT), EMDR, ATC, terapi\u0105 relacji EFT i terapi\u0105 skoncentrowan\u0105 na rozwi\u0105zaniach. Skupiamy si\u0119 na wzorcach my\u015blenia i zachowania, wzmacniamy pozytywne elementy i pracujemy nad odzyskaniem r\u00f3wnowagi. Kr\u00f3tkie zadania domowe mog\u0105 by\u0107 zadawane po sesjach, aby \u0107wiczy\u0107 to, czego si\u0119 nauczyli\u015bmy.<\/p>\t\t\t\t\t\t\t\t<\/div>\n\t\t\t\t<\/div>\n\t\t\t\t\t<\/details>\n\t\t\t\t\t<\/div>\n\t\t\t\t\t\t<\/div>\n\t\t\t\t<div class=\"elementor-element elementor-element-28065c2 inhoud elementor-widget elementor-widget-text-editor\" data-id=\"28065c2\" data-element_type=\"widget\" data-e-type=\"widget\" data-widget_type=\"text-editor.default\">\n\t\t\t\t\t\t\t\t\t<div class=\"elementor-element elementor-element-8b45d56 elementor-widget elementor-widget-text-editor\" data-id=\"8b45d56\" data-element_type=\"widget\" data-widget_type=\"text-editor.default\"><h2>P\u0142atno\u015b\u0107 i ubezpieczenie<\/h2><p>Po ka\u017cdym zabiegu otrzymasz faktur\u0119 cyfrow\u0105 z linkiem do p\u0142atno\u015bci (lub z g\u00f3ry dla klient\u00f3w). P\u0142atno\u015bci nale\u017cy dokona\u0107 w ci\u0105gu 14 dni. Praktyka POL celowo nie zawar\u0142a um\u00f3w z ubezpieczycielami zdrowotnymi. W zwi\u0105zku z tym praktyka podlega opiece bezumownej; zabiegi nie kwalifikuj\u0105 si\u0119 do zwrotu koszt\u00f3w przez ubezpieczycieli zdrowotnych, z kt\u00f3rymi praktyka nie ma umowy. W przypadku pyta\u0144 dotycz\u0105cych mo\u017cliwego (cz\u0119\u015bciowego) zwrotu koszt\u00f3w prosimy o kontakt z ubezpieczycielem zdrowotnym.<\/p><\/div>\t\t\t\t\t\t\t\t<\/div>\n\t\t\t\t<div class=\"elementor-element elementor-element-250f2b9 elementor-widget elementor-widget-heading\" data-id=\"250f2b9\" data-element_type=\"widget\" data-e-type=\"widget\" data-widget_type=\"heading.default\">\n\t\t\t\t\t<h2 class=\"elementor-heading-title elementor-size-default\">Stawki (od 1 stycznia 2026 r.)<\/h2>\t\t\t\t<\/div>\n\t\t<div class=\"elementor-element elementor-element-3d830ef e-con-full tarieven-wrapper e-flex e-con e-child\" data-id=\"3d830ef\" data-element_type=\"container\" data-e-type=\"container\">\n\t\t\t\t<div class=\"elementor-element elementor-element-f1c14dd elementor-widget elementor-widget-text-editor\" data-id=\"f1c14dd\" data-element_type=\"widget\" data-e-type=\"widget\" data-widget_type=\"text-editor.default\">\n\t\t\t\t\t\t\t\t\t<table class=\"tarieven\"><tbody><tr><td>Indywidualna konsultacja (60 minut)<\/td><td>110 \u20ac (z VAT)<\/td><\/tr><tr><td>Terapia relacji (60 minut)<\/td><td>140 \u20ac (bez VAT)<\/td><\/tr><tr><td>Konsultacje biznesowe (60 minut)<\/td><td>150 \u20ac (bez VAT)<\/td><\/tr><tr><td><p>Dla firm<\/p><p><a class=\"elementor-button elementor-button-text\" href=\"https:\/\/praktijkpol.nl\/pl\/firmy\/#offerte\">Popro\u015b o wycen\u0119<\/a><\/p><\/td><td>Cena do negocjacji<\/td><\/tr><\/tbody><\/table>\t\t\t\t\t\t\t\t<\/div>\n\t\t\t\t<\/div>\n\t\t\t\t<div class=\"elementor-element elementor-element-d2e0aa3 elementor-widget elementor-widget-text-editor\" data-id=\"d2e0aa3\" data-element_type=\"widget\" data-e-type=\"widget\" data-widget_type=\"text-editor.default\">\n\t\t\t\t\t\t\t\t\t<span class=\"disclaimer\">Og\u00f3lne warunki maj\u0105 zastosowanie do pe\u0142nego zakresu pomocy. Stawki te s\u0105 celowo ni\u017csze ni\u017c stawka NZA (177,89 EUR), aby zapewni\u0107 dost\u0119pno\u015b\u0107 opieki.<\/span>\t\t\t\t\t\t\t\t<\/div>\n\t\t\t\t<div class=\"elementor-element elementor-element-60564a1 elementor-widget elementor-widget-text-editor\" data-id=\"60564a1\" data-element_type=\"widget\" data-e-type=\"widget\" data-widget_type=\"text-editor.default\">\n\t\t\t\t\t\t\t\t\t<h3>Anulowanie<\/h3><p>Anulowanie powinno nast\u0105pi\u0107 na wi\u0119cej ni\u017c 24 godziny przed um\u00f3wion\u0105 wizyt\u0105. W przypadku anulowania w ci\u0105gu 24 godzin, op\u0142ata za konsultacj\u0119 zostanie naliczona niezale\u017cnie od przyczyny.<\/p>\t\t\t\t\t\t\t\t<\/div>\n\t\t\t\t<\/div>\n\t\t<div class=\"elementor-element elementor-element-2e531a1 e-con-full e-flex e-con e-child\" data-id=\"2e531a1\" data-element_type=\"container\" data-e-type=\"container\">\n\t\t\t\t<div class=\"elementor-element elementor-element-74ab131 inhoud elementor-widget elementor-widget-text-editor\" data-id=\"74ab131\" data-element_type=\"widget\" data-e-type=\"widget\" data-widget_type=\"text-editor.default\">\n\t\t\t\t\t\t\t\t\t<h2 style=\"color: #006684;\">Zakres pomocy<\/h2>\n<nav class=\"navmenu\">\n<ul>\n<li><a href=\"https:\/\/praktijkpol.nl\/pl\/zabiegi\/problemy-z-adhd\/\">Problemy z ADHD<\/a><\/li>\n<li><a href=\"https:\/\/praktijkpol.nl\/pl\/zabiegi\/coaching\/\">Coaching<\/a><\/li>\n<li><a href=\"https:\/\/praktijkpol.nl\/pl\/zabiegi\/panika-i-niepokoj\/\">Panika in niepok\u00f3j<\/a><\/li>\n<li><a href=\"https:\/\/praktijkpol.nl\/pl\/zabiegi\/problemy-w-zwiazkach\/\">Terapia par<\/a><\/li>\n<li><a href=\"https:\/\/praktijkpol.nl\/pl\/zabiegi\/problemy-z-nastrojem\/\">Problemy z nastrojem<\/a><\/li>\n<li><a href=\"https:\/\/praktijkpol.nl\/pl\/zabiegi\/problemy-zwiazane-z-praca\/\">Problemy zwi\u0105zane z prac\u0105<\/a><\/li>\n<li><a href=\"https:\/\/praktijkpol.nl\/pl\/zabiegi\/obraz-siebie-i-pewnosc-siebie\/\">Wizerunek w\u0142asny i pewno\u015b\u0107 siebie<\/a><\/li>\n<\/ul>\n<\/nav>\t\t\t\t\t\t\t\t<\/div>\n\t\t<div class=\"elementor-element elementor-element-6539f68 e-con-full cta e-flex e-con e-child\" data-id=\"6539f68\" data-element_type=\"container\" data-e-type=\"container\" data-settings=\"{&quot;background_background&quot;:&quot;classic&quot;}\">\n\t\t\t\t<div class=\"elementor-element elementor-element-afad467 elementor-widget elementor-widget-text-editor\" data-id=\"afad467\" data-element_type=\"widget\" data-e-type=\"widget\" data-widget_type=\"text-editor.default\">\n\t\t\t\t\t\t\t\t\t<h2>Skontaktuj si\u0119 z nami bez zobowi\u0105za\u0144<\/h2><p>Masz w\u0105tpliwo\u015bci, czy mo\u017cemy co\u015b dla Ciebie zrobi\u0107? Zapraszamy do kontaktu z nami, wsp\u00f3lnie sprawdzimy mo\u017cliwo\u015bci.<\/p>\t\t\t\t\t\t\t\t<\/div>\n\t\t\t\t<div class=\"elementor-element elementor-element-9f761ca elementor-icon-list--layout-inline elementor-list-item-link-full_width elementor-widget elementor-widget-icon-list\" data-id=\"9f761ca\" data-element_type=\"widget\" data-e-type=\"widget\" data-widget_type=\"icon-list.default\">\n\t\t\t\t\t\t\t<ul class=\"elementor-icon-list-items elementor-inline-items\">\n\t\t\t\t\t\t\t<li class=\"elementor-icon-list-item elementor-inline-item\">\n\t\t\t\t\t\t\t\t\t\t\t<a href=\"mailto:info@praktijkpol.nl\">\n\n\t\t\t\t\t\t\t\t\t\t\t\t<span class=\"elementor-icon-list-icon\">\n\t\t\t\t\t\t\t<i aria-hidden=\"true\" class=\"icon icon-mail\"><\/i>\t\t\t\t\t\t<\/span>\n\t\t\t\t\t\t\t\t\t\t<span class=\"elementor-icon-list-text\">info@praktijkpol.nl<\/span>\n\t\t\t\t\t\t\t\t\t\t\t<\/a>\n\t\t\t\t\t\t\t\t\t<\/li>\n\t\t\t\t\t\t\t\t<li class=\"elementor-icon-list-item elementor-inline-item\">\n\t\t\t\t\t\t\t\t\t\t\t<a href=\"tel:%20+31614149870\">\n\n\t\t\t\t\t\t\t\t\t\t\t\t<span class=\"elementor-icon-list-icon\">\n\t\t\t\t\t\t\t<i aria-hidden=\"true\" class=\"icon icon-telefoon\"><\/i>\t\t\t\t\t\t<\/span>\n\t\t\t\t\t\t\t\t\t\t<span class=\"elementor-icon-list-text\">06 - 141 49 870<\/span>\n\t\t\t\t\t\t\t\t\t\t\t<\/a>\n\t\t\t\t\t\t\t\t\t<\/li>\n\t\t\t\t\t\t<\/ul>\n\t\t\t\t\t\t<\/div>\n\t\t\t\t<div class=\"elementor-element elementor-element-1a371a5 elementor-widget elementor-widget-button\" data-id=\"1a371a5\" data-element_type=\"widget\" data-e-type=\"widget\" data-widget_type=\"button.default\">\n\t\t\t\t\t\t\t\t\t\t<a class=\"elementor-button elementor-button-link elementor-size-sm\" href=\"https:\/\/praktijkpol.nl\/pl\/contact\/\">\n\t\t\t\t\t\t<span class=\"elementor-button-content-wrapper\">\n\t\t\t\t\t\t\t\t\t<span class=\"elementor-button-text\">Kontakt<\/span>\n\t\t\t\t\t<\/span>\n\t\t\t\t\t<\/a>\n\t\t\t\t\t\t\t\t<\/div>\n\t\t\t\t<\/div>\n\t\t\t\t<\/div>\n\t\t\t\t\t<\/div>\n\t\t\t\t<\/div>\n\t\t\t\t<\/div>","protected":false},"excerpt":{"rendered":"<p>Werkwijze Geen wachttijden Wilt u snel hulp bij psychische klachten? Neem contact op met Praktijk POL. De wachttijd voor een eerste gesprek is kort. info@praktijkpol.nl 06 &#8211; 141 49 870 Crisis Bent u in crisis, neem dan direct contact op met uw huisarts. Buiten kantoortijden kunt u de huisartsenpost bellen. Zij kunnen zo nodig de [&hellip;]<\/p>\n","protected":false},"author":2,"featured_media":0,"parent":0,"menu_order":0,"comment_status":"closed","ping_status":"closed","template":"","meta":{"footnotes":""},"class_list":["post-27","page","type-page","status-publish","hentry"],"yoast_head":"<!-- This site is optimized with the Yoast SEO plugin v27.4 - https:\/\/yoast.com\/product\/yoast-seo-wordpress\/ -->\n<title>Werkwijze - Praktijk Pol<\/title>\n<meta name=\"robots\" content=\"index, follow, max-snippet:-1, max-image-preview:large, max-video-preview:-1\" \/>\n<link rel=\"canonical\" href=\"https:\/\/praktijkpol.nl\/pl\/metoda-pracy\/\" \/>\n<meta property=\"og:locale\" content=\"pl_PL\" \/>\n<meta property=\"og:type\" content=\"article\" \/>\n<meta property=\"og:title\" content=\"Werkwijze - Praktijk Pol\" \/>\n<meta property=\"og:description\" content=\"Werkwijze Geen wachttijden Wilt u snel hulp bij psychische klachten? Neem contact op met Praktijk POL. De wachttijd voor een eerste gesprek is kort. info@praktijkpol.nl 06 &#8211; 141 49 870 Crisis Bent u in crisis, neem dan direct contact op met uw huisarts. Buiten kantoortijden kunt u de huisartsenpost bellen. Zij kunnen zo nodig de [&hellip;]\" \/>\n<meta property=\"og:url\" content=\"https:\/\/praktijkpol.nl\/pl\/metoda-pracy\/\" \/>\n<meta property=\"og:site_name\" content=\"Praktijk Pol\" \/>\n<meta property=\"article:modified_time\" content=\"2026-01-02T10:04:46+00:00\" \/>\n<meta name=\"twitter:card\" content=\"summary_large_image\" \/>\n<meta name=\"twitter:label1\" content=\"Szacowany czas czytania\" \/>\n\t<meta name=\"twitter:data1\" content=\"4 minuty\" \/>\n<script type=\"application\/ld+json\" class=\"yoast-schema-graph\">{\"@context\":\"https:\\\/\\\/schema.org\",\"@graph\":[{\"@type\":\"WebPage\",\"@id\":\"https:\\\/\\\/praktijkpol.nl\\\/werkwijze\\\/\",\"url\":\"https:\\\/\\\/praktijkpol.nl\\\/werkwijze\\\/\",\"name\":\"Werkwijze - Praktijk Pol\",\"isPartOf\":{\"@id\":\"https:\\\/\\\/praktijkpol.nl\\\/#website\"},\"datePublished\":\"2025-11-18T08:53:06+00:00\",\"dateModified\":\"2026-01-02T10:04:46+00:00\",\"breadcrumb\":{\"@id\":\"https:\\\/\\\/praktijkpol.nl\\\/werkwijze\\\/#breadcrumb\"},\"inLanguage\":\"pl-PL\",\"potentialAction\":[{\"@type\":\"ReadAction\",\"target\":[\"https:\\\/\\\/praktijkpol.nl\\\/werkwijze\\\/\"]}]},{\"@type\":\"BreadcrumbList\",\"@id\":\"https:\\\/\\\/praktijkpol.nl\\\/werkwijze\\\/#breadcrumb\",\"itemListElement\":[{\"@type\":\"ListItem\",\"position\":1,\"name\":\"Home\",\"item\":\"https:\\\/\\\/praktijkpol.nl\\\/\"},{\"@type\":\"ListItem\",\"position\":2,\"name\":\"Werkwijze\"}]},{\"@type\":\"WebSite\",\"@id\":\"https:\\\/\\\/praktijkpol.nl\\\/#website\",\"url\":\"https:\\\/\\\/praktijkpol.nl\\\/\",\"name\":\"Praktijk POL\",\"description\":\"\",\"publisher\":{\"@id\":\"https:\\\/\\\/praktijkpol.nl\\\/#organization\"},\"potentialAction\":[{\"@type\":\"SearchAction\",\"target\":{\"@type\":\"EntryPoint\",\"urlTemplate\":\"https:\\\/\\\/praktijkpol.nl\\\/?s={search_term_string}\"},\"query-input\":{\"@type\":\"PropertyValueSpecification\",\"valueRequired\":true,\"valueName\":\"search_term_string\"}}],\"inLanguage\":\"pl-PL\"},{\"@type\":\"Organization\",\"@id\":\"https:\\\/\\\/praktijkpol.nl\\\/#organization\",\"name\":\"Psychologenpraktijk POL\",\"url\":\"https:\\\/\\\/praktijkpol.nl\\\/\",\"logo\":{\"@type\":\"ImageObject\",\"inLanguage\":\"pl-PL\",\"@id\":\"https:\\\/\\\/praktijkpol.nl\\\/#\\\/schema\\\/logo\\\/image\\\/\",\"url\":\"https:\\\/\\\/praktijkpol.nl\\\/wp-content\\\/uploads\\\/2025\\\/11\\\/Pscyhologenpraktijk-Pol-logo.png\",\"contentUrl\":\"https:\\\/\\\/praktijkpol.nl\\\/wp-content\\\/uploads\\\/2025\\\/11\\\/Pscyhologenpraktijk-Pol-logo.png\",\"width\":328,\"height\":77,\"caption\":\"Psychologenpraktijk POL\"},\"image\":{\"@id\":\"https:\\\/\\\/praktijkpol.nl\\\/#\\\/schema\\\/logo\\\/image\\\/\"}}]}<\/script>\n<!-- \/ Yoast SEO plugin. -->","yoast_head_json":{"title":"Metoda pracy - Practice Pol","robots":{"index":"index","follow":"follow","max-snippet":"max-snippet:-1","max-image-preview":"max-image-preview:large","max-video-preview":"max-video-preview:-1"},"canonical":"https:\/\/praktijkpol.nl\/pl\/metoda-pracy\/","og_locale":"pl_PL","og_type":"article","og_title":"Werkwijze - Praktijk Pol","og_description":"Werkwijze Geen wachttijden Wilt u snel hulp bij psychische klachten? Neem contact op met Praktijk POL. De wachttijd voor een eerste gesprek is kort. info@praktijkpol.nl 06 &#8211; 141 49 870 Crisis Bent u in crisis, neem dan direct contact op met uw huisarts. Buiten kantoortijden kunt u de huisartsenpost bellen. Zij kunnen zo nodig de [&hellip;]","og_url":"https:\/\/praktijkpol.nl\/pl\/metoda-pracy\/","og_site_name":"Praktijk Pol","article_modified_time":"2026-01-02T10:04:46+00:00","twitter_card":"summary_large_image","twitter_misc":{"Szacowany czas czytania":"4 minuty"},"schema":{"@context":"https:\/\/schema.org","@graph":[{"@type":"WebPage","@id":"https:\/\/praktijkpol.nl\/werkwijze\/","url":"https:\/\/praktijkpol.nl\/werkwijze\/","name":"Metoda pracy - Practice Pol","isPartOf":{"@id":"https:\/\/praktijkpol.nl\/#website"},"datePublished":"2025-11-18T08:53:06+00:00","dateModified":"2026-01-02T10:04:46+00:00","breadcrumb":{"@id":"https:\/\/praktijkpol.nl\/werkwijze\/#breadcrumb"},"inLanguage":"pl-PL","potentialAction":[{"@type":"ReadAction","target":["https:\/\/praktijkpol.nl\/werkwijze\/"]}]},{"@type":"BreadcrumbList","@id":"https:\/\/praktijkpol.nl\/werkwijze\/#breadcrumb","itemListElement":[{"@type":"ListItem","position":1,"name":"Home","item":"https:\/\/praktijkpol.nl\/"},{"@type":"ListItem","position":2,"name":"Werkwijze"}]},{"@type":"WebSite","@id":"https:\/\/praktijkpol.nl\/#website","url":"https:\/\/praktijkpol.nl\/","name":"Praktyka POL","description":"","publisher":{"@id":"https:\/\/praktijkpol.nl\/#organization"},"potentialAction":[{"@type":"SearchAction","target":{"@type":"EntryPoint","urlTemplate":"https:\/\/praktijkpol.nl\/?s={search_term_string}"},"query-input":{"@type":"PropertyValueSpecification","valueRequired":true,"valueName":"search_term_string"}}],"inLanguage":"pl-PL"},{"@type":"Organization","@id":"https:\/\/praktijkpol.nl\/#organization","name":"Praktyka psychologii POL","url":"https:\/\/praktijkpol.nl\/","logo":{"@type":"ImageObject","inLanguage":"pl-PL","@id":"https:\/\/praktijkpol.nl\/#\/schema\/logo\/image\/","url":"https:\/\/praktijkpol.nl\/wp-content\/uploads\/2025\/11\/Pscyhologenpraktijk-Pol-logo.png","contentUrl":"https:\/\/praktijkpol.nl\/wp-content\/uploads\/2025\/11\/Pscyhologenpraktijk-Pol-logo.png","width":328,"height":77,"caption":"Psychologenpraktijk POL"},"image":{"@id":"https:\/\/praktijkpol.nl\/#\/schema\/logo\/image\/"}}]}},"_links":{"self":[{"href":"https:\/\/praktijkpol.nl\/pl\/wp-json\/wp\/v2\/pages\/27","targetHints":{"allow":["GET"]}}],"collection":[{"href":"https:\/\/praktijkpol.nl\/pl\/wp-json\/wp\/v2\/pages"}],"about":[{"href":"https:\/\/praktijkpol.nl\/pl\/wp-json\/wp\/v2\/types\/page"}],"author":[{"embeddable":true,"href":"https:\/\/praktijkpol.nl\/pl\/wp-json\/wp\/v2\/users\/2"}],"replies":[{"embeddable":true,"href":"https:\/\/praktijkpol.nl\/pl\/wp-json\/wp\/v2\/comments?post=27"}],"version-history":[{"count":91,"href":"https:\/\/praktijkpol.nl\/pl\/wp-json\/wp\/v2\/pages\/27\/revisions"}],"predecessor-version":[{"id":1987,"href":"https:\/\/praktijkpol.nl\/pl\/wp-json\/wp\/v2\/pages\/27\/revisions\/1987"}],"wp:attachment":[{"href":"https:\/\/praktijkpol.nl\/pl\/wp-json\/wp\/v2\/media?parent=27"}],"curies":[{"name":"wp","href":"https:\/\/api.w.org\/{rel}","templated":true}]}}